{"id":140778,"date":"2022-06-27T15:54:51","date_gmt":"2022-06-27T13:54:51","guid":{"rendered":"https:\/\/haut-segala.com\/produit\/contour-des-yeux-a-laloe-vera-certifie-bio\/"},"modified":"2026-03-29T15:42:01","modified_gmt":"2026-03-29T13:42:01","slug":"contour-des-yeux-a-laloe-vera-certifie-bio","status":"publish","type":"product","link":"https:\/\/haut-segala.com\/de\/produit\/contour-des-yeux-a-laloe-vera-certifie-bio\/","title":{"rendered":"Augenkontur mit Aloe Vera aus kontrolliert biologischem Anbau"},"content":{"rendered":"","protected":false},"excerpt":{"rendered":"<p>Diese Augenkontur mit Aloe Vera spendet Feuchtigkeit und gl\u00e4ttet Augenringe und feine Linien. Es ist ideal f\u00fcr m\u00fcde Augen und l\u00e4sst sich leicht auftragen, w\u00e4hrend es t\u00e4glich Feuchtigkeit spendet.<\/p>\n","protected":false},"featured_media":198620,"comment_status":"open","ping_status":"closed","template":"","meta":{"_acf_changed":false},"product_brand":[],"product_cat":[445,448,447,446,444,443],"product_tag":[],"class_list":{"0":"post-140778","1":"product","2":"type-product","3":"status-publish","4":"has-post-thumbnail","6":"product_cat-augenkontur","7":"product_cat-empfindlichkeiten-und-rotungen","8":"product_cat-erste-falten-und-etablierte-falten","9":"product_cat-teint-terne-visage-de","10":"product_cat-gesicht","11":"product_cat-pflege-mit-aloe-vera","13":"first","14":"instock","15":"taxable","16":"shipping-taxable","17":"purchasable","18":"product-type-simple"},"acf":[],"_links":{"self":[{"href":"https:\/\/haut-segala.com\/de\/wp-json\/wp\/v2\/product\/140778","targetHints":{"allow":["GET"]}}],"collection":[{"href":"https:\/\/haut-segala.com\/de\/wp-json\/wp\/v2\/product"}],"about":[{"href":"https:\/\/haut-segala.com\/de\/wp-json\/wp\/v2\/types\/product"}],"replies":[{"embeddable":true,"href":"https:\/\/haut-segala.com\/de\/wp-json\/wp\/v2\/comments?post=140778"}],"wp:featuredmedia":[{"embeddable":true,"href":"https:\/\/haut-segala.com\/de\/wp-json\/wp\/v2\/media\/198620"}],"wp:attachment":[{"href":"https:\/\/haut-segala.com\/de\/wp-json\/wp\/v2\/media?parent=140778"}],"wp:term":[{"taxonomy":"product_brand","embeddable":true,"href":"https:\/\/haut-segala.com\/de\/wp-json\/wp\/v2\/product_brand?post=140778"},{"taxonomy":"product_cat","embeddable":true,"href":"https:\/\/haut-segala.com\/de\/wp-json\/wp\/v2\/product_cat?post=140778"},{"taxonomy":"product_tag","embeddable":true,"href":"https:\/\/haut-segala.com\/de\/wp-json\/wp\/v2\/product_tag?post=140778"}],"curies":[{"name":"wp","href":"https:\/\/api.w.org\/{rel}","templated":true}]}}