{"id":140800,"date":"2022-06-27T15:55:47","date_gmt":"2022-06-27T13:55:47","guid":{"rendered":"https:\/\/haut-segala.com\/produit\/deodorant-creme-pivoine-certifie-bio\/"},"modified":"2026-04-08T07:22:40","modified_gmt":"2026-04-08T05:22:40","slug":"deodorant-creme-pivoine-certifie-bio","status":"publish","type":"product","link":"https:\/\/haut-segala.com\/de\/produit\/deodorant-creme-pivoine-certifie-bio\/","title":{"rendered":"Zertifiziertes Bio-Pfingstrosen-Creme-Deodorant"},"content":{"rendered":"","protected":false},"excerpt":{"rendered":"<p>Dieser 100 % nat\u00fcrliche, vegane und bio-zertifizierte Deo-Balsam mit cremiger Textur sch\u00fctzt Sie den ganzen Tag effektiv vor schlechten Ger\u00fcchen, indem er die Schwei\u00dfbildung reguliert, ohne sie zu blockieren. Sie hinterlassen auf Ihrer Haut einen fesselnden Duft mit s\u00fc\u00dfen und blumigen Noten.<\/p>\n","protected":false},"featured_media":135347,"comment_status":"open","ping_status":"closed","template":"","meta":{"_acf_changed":false},"product_brand":[],"product_cat":[588,578,565],"product_tag":[],"class_list":{"0":"post-140800","1":"product","2":"type-product","3":"status-publish","4":"has-post-thumbnail","6":"product_cat-deodorants-creme-de","7":"product_cat-deodorants","8":"product_cat-koerper","10":"first","11":"instock","12":"taxable","13":"shipping-taxable","14":"purchasable","15":"product-type-simple"},"acf":[],"_links":{"self":[{"href":"https:\/\/haut-segala.com\/de\/wp-json\/wp\/v2\/product\/140800","targetHints":{"allow":["GET"]}}],"collection":[{"href":"https:\/\/haut-segala.com\/de\/wp-json\/wp\/v2\/product"}],"about":[{"href":"https:\/\/haut-segala.com\/de\/wp-json\/wp\/v2\/types\/product"}],"replies":[{"embeddable":true,"href":"https:\/\/haut-segala.com\/de\/wp-json\/wp\/v2\/comments?post=140800"}],"wp:featuredmedia":[{"embeddable":true,"href":"https:\/\/haut-segala.com\/de\/wp-json\/wp\/v2\/media\/135347"}],"wp:attachment":[{"href":"https:\/\/haut-segala.com\/de\/wp-json\/wp\/v2\/media?parent=140800"}],"wp:term":[{"taxonomy":"product_brand","embeddable":true,"href":"https:\/\/haut-segala.com\/de\/wp-json\/wp\/v2\/product_brand?post=140800"},{"taxonomy":"product_cat","embeddable":true,"href":"https:\/\/haut-segala.com\/de\/wp-json\/wp\/v2\/product_cat?post=140800"},{"taxonomy":"product_tag","embeddable":true,"href":"https:\/\/haut-segala.com\/de\/wp-json\/wp\/v2\/product_tag?post=140800"}],"curies":[{"name":"wp","href":"https:\/\/api.w.org\/{rel}","templated":true}]}}