{"id":140805,"date":"2022-06-27T15:55:47","date_gmt":"2022-06-27T13:55:47","guid":{"rendered":"https:\/\/haut-segala.com\/produit\/deodorant-creme-sans-parfum-certifie-bio\/"},"modified":"2026-03-29T17:51:17","modified_gmt":"2026-03-29T15:51:17","slug":"deodorant-creme-sans-parfum-certifie-bio","status":"publish","type":"product","link":"https:\/\/haut-segala.com\/de\/produit\/deodorant-creme-sans-parfum-certifie-bio\/","title":{"rendered":"Parf\u00fcmfreies Creme-Deo aus kontrolliert biologischem Anbau"},"content":{"rendered":"","protected":false},"excerpt":{"rendered":"<p>Dieser 100 % nat\u00fcrliche, vegane und bio-zertifizierte Deo-Balsam mit cremiger Textur sch\u00fctzt Sie den ganzen Tag effektiv vor schlechten Ger\u00fcchen, indem er die Schwei\u00dfbildung reguliert, ohne sie zu blockieren. Frei von Duftstoffen und Natron, ideal f\u00fcr empfindliche Haut.<\/p>\n","protected":false},"featured_media":135349,"comment_status":"open","ping_status":"closed","template":"","meta":{"_acf_changed":false},"product_brand":[],"product_cat":[588,578,565],"product_tag":[],"class_list":{"0":"post-140805","1":"product","2":"type-product","3":"status-publish","4":"has-post-thumbnail","6":"product_cat-deodorants-creme-de","7":"product_cat-deodorants","8":"product_cat-koerper","10":"first","11":"instock","12":"taxable","13":"shipping-taxable","14":"purchasable","15":"product-type-simple"},"acf":[],"_links":{"self":[{"href":"https:\/\/haut-segala.com\/de\/wp-json\/wp\/v2\/product\/140805","targetHints":{"allow":["GET"]}}],"collection":[{"href":"https:\/\/haut-segala.com\/de\/wp-json\/wp\/v2\/product"}],"about":[{"href":"https:\/\/haut-segala.com\/de\/wp-json\/wp\/v2\/types\/product"}],"replies":[{"embeddable":true,"href":"https:\/\/haut-segala.com\/de\/wp-json\/wp\/v2\/comments?post=140805"}],"wp:featuredmedia":[{"embeddable":true,"href":"https:\/\/haut-segala.com\/de\/wp-json\/wp\/v2\/media\/135349"}],"wp:attachment":[{"href":"https:\/\/haut-segala.com\/de\/wp-json\/wp\/v2\/media?parent=140805"}],"wp:term":[{"taxonomy":"product_brand","embeddable":true,"href":"https:\/\/haut-segala.com\/de\/wp-json\/wp\/v2\/product_brand?post=140805"},{"taxonomy":"product_cat","embeddable":true,"href":"https:\/\/haut-segala.com\/de\/wp-json\/wp\/v2\/product_cat?post=140805"},{"taxonomy":"product_tag","embeddable":true,"href":"https:\/\/haut-segala.com\/de\/wp-json\/wp\/v2\/product_tag?post=140805"}],"curies":[{"name":"wp","href":"https:\/\/api.w.org\/{rel}","templated":true}]}}