{"id":140812,"date":"2023-01-23T07:00:52","date_gmt":"2023-01-23T06:00:52","guid":{"rendered":"https:\/\/haut-segala.com\/?post_type=product&#038;p=140812"},"modified":"2026-02-04T00:19:38","modified_gmt":"2026-02-03T23:19:38","slug":"deodorant-creme-homme-certifie-bio","status":"publish","type":"product","link":"https:\/\/haut-segala.com\/de\/produit\/deodorant-creme-homme-certifie-bio\/","title":{"rendered":"ZERTIFIZIERTES ORGANIC WOODY FRESH CREAM DEODORANT F\u00dcR M\u00c4NNER"},"content":{"rendered":"","protected":false},"excerpt":{"rendered":"<p>Dieser 100 % nat\u00fcrliche, vegane und bio-zertifizierte Deo-Balsam mit cremiger Textur sch\u00fctzt Sie den ganzen Tag effektiv vor schlechten Ger\u00fcchen, indem er die Schwei\u00dfbildung reguliert, ohne sie zu blockieren. Sie hinterlassen einen holzigen Duft von Vetiver auf Ihrer Haut.<\/p>\n","protected":false},"featured_media":136686,"comment_status":"open","ping_status":"closed","template":"","meta":{"_acf_changed":false},"product_brand":[],"product_cat":[588,578,565,593],"product_tag":[],"class_list":{"0":"post-140812","1":"product","2":"type-product","3":"status-publish","4":"has-post-thumbnail","6":"product_cat-deodorants-creme-de","7":"product_cat-deodorants","8":"product_cat-koerper","9":"product_cat-reduzierte-preise","11":"first","12":"instock","13":"sale","14":"taxable","15":"shipping-taxable","16":"purchasable","17":"product-type-simple"},"acf":[],"_links":{"self":[{"href":"https:\/\/haut-segala.com\/de\/wp-json\/wp\/v2\/product\/140812","targetHints":{"allow":["GET"]}}],"collection":[{"href":"https:\/\/haut-segala.com\/de\/wp-json\/wp\/v2\/product"}],"about":[{"href":"https:\/\/haut-segala.com\/de\/wp-json\/wp\/v2\/types\/product"}],"replies":[{"embeddable":true,"href":"https:\/\/haut-segala.com\/de\/wp-json\/wp\/v2\/comments?post=140812"}],"wp:featuredmedia":[{"embeddable":true,"href":"https:\/\/haut-segala.com\/de\/wp-json\/wp\/v2\/media\/136686"}],"wp:attachment":[{"href":"https:\/\/haut-segala.com\/de\/wp-json\/wp\/v2\/media?parent=140812"}],"wp:term":[{"taxonomy":"product_brand","embeddable":true,"href":"https:\/\/haut-segala.com\/de\/wp-json\/wp\/v2\/product_brand?post=140812"},{"taxonomy":"product_cat","embeddable":true,"href":"https:\/\/haut-segala.com\/de\/wp-json\/wp\/v2\/product_cat?post=140812"},{"taxonomy":"product_tag","embeddable":true,"href":"https:\/\/haut-segala.com\/de\/wp-json\/wp\/v2\/product_tag?post=140812"}],"curies":[{"name":"wp","href":"https:\/\/api.w.org\/{rel}","templated":true}]}}