{"id":140858,"date":"2022-06-27T15:55:18","date_gmt":"2022-06-27T13:55:18","guid":{"rendered":"https:\/\/haut-segala.com\/produit\/eau-florale-dhamamelis-certifiee-bio\/"},"modified":"2026-03-10T09:55:48","modified_gmt":"2026-03-10T08:55:48","slug":"eau-florale-dhamamelis-certifiee-bio","status":"publish","type":"product","link":"https:\/\/haut-segala.com\/de\/produit\/eau-florale-dhamamelis-certifiee-bio\/","title":{"rendered":"Hamamelis-Bl\u00fctenwasser aus kontrolliert biologischem Anbau"},"content":{"rendered":"","protected":false},"excerpt":{"rendered":"<p>Mit Wasserdampf aus getrockneten Pflanzen destilliert, hat Hamamelis-Bl\u00fctenwasser au\u00dfergew\u00f6hnliche adstringierende und Anti-R\u00f6tungs-Eigenschaften.<\/p>\n","protected":false},"featured_media":187452,"comment_status":"open","ping_status":"closed","template":"","meta":{"_acf_changed":false},"product_brand":[],"product_cat":[589,607,571,448,447,444,595,548,563,597,565,551,553],"product_tag":[],"class_list":{"0":"post-140858","1":"product","2":"type-product","3":"status-publish","4":"has-post-thumbnail","6":"product_cat-blumenwasser-de","7":"product_cat-blumenwasser-de-2","8":"product_cat-empfindlichkeit-juckreiz","9":"product_cat-empfindlichkeiten-und-rotungen","10":"product_cat-erste-falten-und-etablierte-falten","11":"product_cat-gesicht","12":"product_cat-glanz-und-vergroesserte-poren","13":"product_cat-haare","14":"product_cat-haarpflege","15":"product_cat-imperfektionen","16":"product_cat-koerper","17":"product_cat-meine-empfindliche-kopfhaut-beruhigen","18":"product_cat-schuppen-entfernen","20":"first","21":"instock","22":"taxable","23":"shipping-taxable","24":"purchasable","25":"product-type-simple"},"acf":[],"_links":{"self":[{"href":"https:\/\/haut-segala.com\/de\/wp-json\/wp\/v2\/product\/140858","targetHints":{"allow":["GET"]}}],"collection":[{"href":"https:\/\/haut-segala.com\/de\/wp-json\/wp\/v2\/product"}],"about":[{"href":"https:\/\/haut-segala.com\/de\/wp-json\/wp\/v2\/types\/product"}],"replies":[{"embeddable":true,"href":"https:\/\/haut-segala.com\/de\/wp-json\/wp\/v2\/comments?post=140858"}],"wp:featuredmedia":[{"embeddable":true,"href":"https:\/\/haut-segala.com\/de\/wp-json\/wp\/v2\/media\/187452"}],"wp:attachment":[{"href":"https:\/\/haut-segala.com\/de\/wp-json\/wp\/v2\/media?parent=140858"}],"wp:term":[{"taxonomy":"product_brand","embeddable":true,"href":"https:\/\/haut-segala.com\/de\/wp-json\/wp\/v2\/product_brand?post=140858"},{"taxonomy":"product_cat","embeddable":true,"href":"https:\/\/haut-segala.com\/de\/wp-json\/wp\/v2\/product_cat?post=140858"},{"taxonomy":"product_tag","embeddable":true,"href":"https:\/\/haut-segala.com\/de\/wp-json\/wp\/v2\/product_tag?post=140858"}],"curies":[{"name":"wp","href":"https:\/\/api.w.org\/{rel}","templated":true}]}}