{"id":140861,"date":"2022-06-27T15:54:51","date_gmt":"2022-06-27T13:54:51","guid":{"rendered":"https:\/\/haut-segala.com\/produit\/eau-florale-dhelichryse-italienne-certifiee-bio\/"},"modified":"2025-07-26T04:58:20","modified_gmt":"2025-07-26T02:58:20","slug":"eau-florale-dhelichryse-italienne-certifiee-bio","status":"publish","type":"product","link":"https:\/\/haut-segala.com\/de\/produit\/eau-florale-dhelichryse-italienne-certifiee-bio\/","title":{"rendered":"Zertifiziertes italienisches Helichrysum-Bl\u00fctenwasser aus biologischem Anbau"},"content":{"rendered":"","protected":false},"excerpt":{"rendered":"<p>Italienisches Helichrysum-Wasser hilft, R\u00f6tungen und Augenringe sowie Hautflecken und Rosacea zu reduzieren. Durchblutungsf\u00f6rdernd und gegen Bluterg\u00fcsse, ideal zur Beruhigung von Bluterg\u00fcssen und anderen kleinen Bluterg\u00fcssen.<\/p>\n","protected":false},"featured_media":171623,"comment_status":"open","ping_status":"closed","template":"","meta":{"_acf_changed":false},"product_brand":[],"product_cat":[607,579,589,571,448,447,444,565,569,598,599,573],"product_tag":[],"class_list":{"0":"post-140861","1":"product","2":"type-product","3":"status-publish","4":"has-post-thumbnail","6":"product_cat-blumenwasser-de-2","7":"product_cat-blumenwasser","8":"product_cat-blumenwasser-de","9":"product_cat-empfindlichkeit-juckreiz","10":"product_cat-empfindlichkeiten-und-rotungen","11":"product_cat-erste-falten-und-etablierte-falten","12":"product_cat-gesicht","13":"product_cat-koerper","14":"product_cat-mangel-an-standhaftigkeit","15":"product_cat-mangel-an-standhaftigkeit-de","16":"product_cat-pigmentflecken-aknenarben","17":"product_cat-pigmentflecken-schwangerschaftsmaske","19":"first","20":"instock","21":"taxable","22":"shipping-taxable","23":"purchasable","24":"product-type-simple"},"acf":[],"_links":{"self":[{"href":"https:\/\/haut-segala.com\/de\/wp-json\/wp\/v2\/product\/140861","targetHints":{"allow":["GET"]}}],"collection":[{"href":"https:\/\/haut-segala.com\/de\/wp-json\/wp\/v2\/product"}],"about":[{"href":"https:\/\/haut-segala.com\/de\/wp-json\/wp\/v2\/types\/product"}],"replies":[{"embeddable":true,"href":"https:\/\/haut-segala.com\/de\/wp-json\/wp\/v2\/comments?post=140861"}],"wp:featuredmedia":[{"embeddable":true,"href":"https:\/\/haut-segala.com\/de\/wp-json\/wp\/v2\/media\/171623"}],"wp:attachment":[{"href":"https:\/\/haut-segala.com\/de\/wp-json\/wp\/v2\/media?parent=140861"}],"wp:term":[{"taxonomy":"product_brand","embeddable":true,"href":"https:\/\/haut-segala.com\/de\/wp-json\/wp\/v2\/product_brand?post=140861"},{"taxonomy":"product_cat","embeddable":true,"href":"https:\/\/haut-segala.com\/de\/wp-json\/wp\/v2\/product_cat?post=140861"},{"taxonomy":"product_tag","embeddable":true,"href":"https:\/\/haut-segala.com\/de\/wp-json\/wp\/v2\/product_tag?post=140861"}],"curies":[{"name":"wp","href":"https:\/\/api.w.org\/{rel}","templated":true}]}}