{"id":140867,"date":"2022-06-27T15:55:10","date_gmt":"2022-06-27T13:55:10","guid":{"rendered":"https:\/\/haut-segala.com\/produit\/eau-florale-de-melisse-certifiee-bio\/"},"modified":"2025-05-07T00:00:49","modified_gmt":"2025-05-06T22:00:49","slug":"eau-florale-de-melisse-certifiee-bio","status":"publish","type":"product","link":"https:\/\/haut-segala.com\/de\/produit\/eau-florale-de-melisse-certifiee-bio\/","title":{"rendered":"Zitronenmelissen-Bl\u00fctenwasser aus kontrolliert biologischem Anbau"},"content":{"rendered":"","protected":false},"excerpt":{"rendered":"<p>Zertifiziertes Bio-Zitronenmelissenwasser ist f\u00fcr seine nat\u00fcrlichen beruhigenden Eigenschaften bekannt und ein wahrer Sch\u00f6nheitsschatz zur Beruhigung aller Hauttypen.<\/p>\n","protected":false},"featured_media":135307,"comment_status":"open","ping_status":"closed","template":"","meta":{"_acf_changed":false},"product_brand":[],"product_cat":[607,579,589,571,448,447,444,548,563,565,569,598,551,593],"product_tag":[],"class_list":{"0":"post-140867","1":"product","2":"type-product","3":"status-publish","4":"has-post-thumbnail","6":"product_cat-blumenwasser-de-2","7":"product_cat-blumenwasser","8":"product_cat-blumenwasser-de","9":"product_cat-empfindlichkeit-juckreiz","10":"product_cat-empfindlichkeiten-und-rotungen","11":"product_cat-erste-falten-und-etablierte-falten","12":"product_cat-gesicht","13":"product_cat-haare","14":"product_cat-haarpflege","15":"product_cat-koerper","16":"product_cat-mangel-an-standhaftigkeit","17":"product_cat-mangel-an-standhaftigkeit-de","18":"product_cat-meine-empfindliche-kopfhaut-beruhigen","19":"product_cat-reduzierte-preise","21":"first","22":"instock","23":"sale","24":"taxable","25":"shipping-taxable","26":"purchasable","27":"product-type-simple"},"acf":[],"_links":{"self":[{"href":"https:\/\/haut-segala.com\/de\/wp-json\/wp\/v2\/product\/140867","targetHints":{"allow":["GET"]}}],"collection":[{"href":"https:\/\/haut-segala.com\/de\/wp-json\/wp\/v2\/product"}],"about":[{"href":"https:\/\/haut-segala.com\/de\/wp-json\/wp\/v2\/types\/product"}],"replies":[{"embeddable":true,"href":"https:\/\/haut-segala.com\/de\/wp-json\/wp\/v2\/comments?post=140867"}],"wp:featuredmedia":[{"embeddable":true,"href":"https:\/\/haut-segala.com\/de\/wp-json\/wp\/v2\/media\/135307"}],"wp:attachment":[{"href":"https:\/\/haut-segala.com\/de\/wp-json\/wp\/v2\/media?parent=140867"}],"wp:term":[{"taxonomy":"product_brand","embeddable":true,"href":"https:\/\/haut-segala.com\/de\/wp-json\/wp\/v2\/product_brand?post=140867"},{"taxonomy":"product_cat","embeddable":true,"href":"https:\/\/haut-segala.com\/de\/wp-json\/wp\/v2\/product_cat?post=140867"},{"taxonomy":"product_tag","embeddable":true,"href":"https:\/\/haut-segala.com\/de\/wp-json\/wp\/v2\/product_tag?post=140867"}],"curies":[{"name":"wp","href":"https:\/\/api.w.org\/{rel}","templated":true}]}}