{"id":140877,"date":"2022-06-27T15:55:10","date_gmt":"2022-06-27T13:55:10","guid":{"rendered":"https:\/\/haut-segala.com\/produit\/eau-florale-de-rose-certifiee-bio\/"},"modified":"2026-04-23T17:52:01","modified_gmt":"2026-04-23T15:52:01","slug":"eau-florale-de-rose-certifiee-bio","status":"publish","type":"product","link":"https:\/\/haut-segala.com\/de\/produit\/eau-florale-de-rose-certifiee-bio\/","title":{"rendered":"Zertifiziertes Bio-Rosenbl\u00fctenwasser"},"content":{"rendered":"","protected":false},"excerpt":{"rendered":"<p>Bekannt daf\u00fcr, dem Teint wieder Glanz zu verleihen, ist Rosenwasser adstringierend und verwischt feine Linien in reifer Haut. Bei t\u00e4glicher Anwendung verleiht es der Haut Geschmeidigkeit und Komfort.<\/p>\n","protected":false},"featured_media":165300,"comment_status":"open","ping_status":"closed","template":"","meta":{"_acf_changed":false},"product_brand":[],"product_cat":[607,579,589,596,568,447,446,444,548,563,565,555,603],"product_tag":[],"class_list":{"0":"post-140877","1":"product","2":"type-product","3":"status-publish","4":"has-post-thumbnail","6":"product_cat-blumenwasser-de-2","7":"product_cat-blumenwasser","8":"product_cat-blumenwasser-de","9":"product_cat-dehydrierung-de","10":"product_cat-dehydrierung","11":"product_cat-erste-falten-und-etablierte-falten","12":"product_cat-teint-terne-visage-de","13":"product_cat-gesicht","14":"product_cat-haare","15":"product_cat-haarpflege","16":"product_cat-koerper","17":"product_cat-mein-trockenes-haar-mit-feuchtigkeit-versorgen","18":"product_cat-trockner","20":"first","21":"instock","22":"taxable","23":"shipping-taxable","24":"purchasable","25":"product-type-variable","26":"has-default-attributes"},"acf":[],"_links":{"self":[{"href":"https:\/\/haut-segala.com\/de\/wp-json\/wp\/v2\/product\/140877","targetHints":{"allow":["GET"]}}],"collection":[{"href":"https:\/\/haut-segala.com\/de\/wp-json\/wp\/v2\/product"}],"about":[{"href":"https:\/\/haut-segala.com\/de\/wp-json\/wp\/v2\/types\/product"}],"replies":[{"embeddable":true,"href":"https:\/\/haut-segala.com\/de\/wp-json\/wp\/v2\/comments?post=140877"}],"wp:featuredmedia":[{"embeddable":true,"href":"https:\/\/haut-segala.com\/de\/wp-json\/wp\/v2\/media\/165300"}],"wp:attachment":[{"href":"https:\/\/haut-segala.com\/de\/wp-json\/wp\/v2\/media?parent=140877"}],"wp:term":[{"taxonomy":"product_brand","embeddable":true,"href":"https:\/\/haut-segala.com\/de\/wp-json\/wp\/v2\/product_brand?post=140877"},{"taxonomy":"product_cat","embeddable":true,"href":"https:\/\/haut-segala.com\/de\/wp-json\/wp\/v2\/product_cat?post=140877"},{"taxonomy":"product_tag","embeddable":true,"href":"https:\/\/haut-segala.com\/de\/wp-json\/wp\/v2\/product_tag?post=140877"}],"curies":[{"name":"wp","href":"https:\/\/api.w.org\/{rel}","templated":true}]}}