{"id":140905,"date":"2022-06-27T15:54:51","date_gmt":"2022-06-27T13:54:51","guid":{"rendered":"https:\/\/haut-segala.com\/produit\/eau-florale-de-tea-tree-certifiee-bio\/"},"modified":"2025-09-16T04:56:12","modified_gmt":"2025-09-16T02:56:12","slug":"eau-florale-de-tea-tree-certifiee-bio","status":"publish","type":"product","link":"https:\/\/haut-segala.com\/de\/produit\/eau-florale-de-tea-tree-certifiee-bio\/","title":{"rendered":"Zertifiziertes Bio-Teebaum-Bl\u00fctenwasser"},"content":{"rendered":"","protected":false},"excerpt":{"rendered":"<p>Talgregulierendes und reinigendes Teebaumbl\u00fctenwasser ist f\u00fcr fettige und zu Akne neigende Haut unerl\u00e4sslich.<\/p>\n","protected":false},"featured_media":177591,"comment_status":"open","ping_status":"closed","template":"","meta":{"_acf_changed":false},"product_brand":[],"product_cat":[607,589,446,444,595,601,548,563,597,558,553],"product_tag":[],"class_list":{"0":"post-140905","1":"product","2":"type-product","3":"status-publish","4":"has-post-thumbnail","6":"product_cat-blumenwasser-de-2","7":"product_cat-blumenwasser-de","8":"product_cat-teint-terne-visage-de","9":"product_cat-gesicht","10":"product_cat-glanz-und-vergroesserte-poren","11":"product_cat-grasse","12":"product_cat-haare","13":"product_cat-haarpflege","14":"product_cat-imperfektionen","15":"product_cat-meine-fettige-kopfhaut-reinigen","16":"product_cat-schuppen-entfernen","18":"first","19":"instock","20":"taxable","21":"shipping-taxable","22":"purchasable","23":"product-type-simple"},"acf":[],"_links":{"self":[{"href":"https:\/\/haut-segala.com\/de\/wp-json\/wp\/v2\/product\/140905","targetHints":{"allow":["GET"]}}],"collection":[{"href":"https:\/\/haut-segala.com\/de\/wp-json\/wp\/v2\/product"}],"about":[{"href":"https:\/\/haut-segala.com\/de\/wp-json\/wp\/v2\/types\/product"}],"replies":[{"embeddable":true,"href":"https:\/\/haut-segala.com\/de\/wp-json\/wp\/v2\/comments?post=140905"}],"wp:featuredmedia":[{"embeddable":true,"href":"https:\/\/haut-segala.com\/de\/wp-json\/wp\/v2\/media\/177591"}],"wp:attachment":[{"href":"https:\/\/haut-segala.com\/de\/wp-json\/wp\/v2\/media?parent=140905"}],"wp:term":[{"taxonomy":"product_brand","embeddable":true,"href":"https:\/\/haut-segala.com\/de\/wp-json\/wp\/v2\/product_brand?post=140905"},{"taxonomy":"product_cat","embeddable":true,"href":"https:\/\/haut-segala.com\/de\/wp-json\/wp\/v2\/product_cat?post=140905"},{"taxonomy":"product_tag","embeddable":true,"href":"https:\/\/haut-segala.com\/de\/wp-json\/wp\/v2\/product_tag?post=140905"}],"curies":[{"name":"wp","href":"https:\/\/api.w.org\/{rel}","templated":true}]}}