{"id":140920,"date":"2022-06-27T15:55:00","date_gmt":"2022-06-27T13:55:00","guid":{"rendered":"https:\/\/haut-segala.com\/produit\/beurre-corporel-a-largan-certifie-bio\/"},"modified":"2025-02-05T00:00:21","modified_gmt":"2025-02-04T23:00:21","slug":"beurre-corporel-a-largan-certifie-bio","status":"publish","type":"product","link":"https:\/\/haut-segala.com\/de\/produit\/beurre-corporel-a-largan-certifie-bio\/","title":{"rendered":"Zertifizierte Bio-Argan-K\u00f6rperbutter"},"content":{"rendered":"","protected":false},"excerpt":{"rendered":"<p>Diese Arganbutter vereint die pflegenden Eigenschaften der Sheabutter mit den regenerierenden Eigenschaften des pflanzlichen Argan\u00f6ls. Dank dieser vollkommen nat\u00fcrlichen Behandlung ist die Haut geschmeidiger und tiefengen\u00e4hrt.<\/p>\n","protected":false},"featured_media":135315,"comment_status":"open","ping_status":"closed","template":"","meta":{"_acf_changed":false},"product_brand":[],"product_cat":[568,572,570,548,563,565,576,585,560,557,555],"product_tag":[],"class_list":{"0":"post-140920","1":"product","2":"type-product","3":"status-publish","4":"has-post-thumbnail","6":"product_cat-dehydrierung","7":"product_cat-duerre","8":"product_cat-fahle-haut","9":"product_cat-haare","10":"product_cat-haarpflege","11":"product_cat-koerper","12":"product_cat-koerperbutter","13":"product_cat-koerperbutter-de","14":"product_cat-mein-geschaedigtes-haar-reparieren","15":"product_cat-mein-sehr-trockenes-haar-naehren","16":"product_cat-mein-trockenes-haar-mit-feuchtigkeit-versorgen","18":"first","19":"instock","20":"taxable","21":"shipping-taxable","22":"purchasable","23":"product-type-simple"},"acf":[],"_links":{"self":[{"href":"https:\/\/haut-segala.com\/de\/wp-json\/wp\/v2\/product\/140920","targetHints":{"allow":["GET"]}}],"collection":[{"href":"https:\/\/haut-segala.com\/de\/wp-json\/wp\/v2\/product"}],"about":[{"href":"https:\/\/haut-segala.com\/de\/wp-json\/wp\/v2\/types\/product"}],"replies":[{"embeddable":true,"href":"https:\/\/haut-segala.com\/de\/wp-json\/wp\/v2\/comments?post=140920"}],"wp:featuredmedia":[{"embeddable":true,"href":"https:\/\/haut-segala.com\/de\/wp-json\/wp\/v2\/media\/135315"}],"wp:attachment":[{"href":"https:\/\/haut-segala.com\/de\/wp-json\/wp\/v2\/media?parent=140920"}],"wp:term":[{"taxonomy":"product_brand","embeddable":true,"href":"https:\/\/haut-segala.com\/de\/wp-json\/wp\/v2\/product_brand?post=140920"},{"taxonomy":"product_cat","embeddable":true,"href":"https:\/\/haut-segala.com\/de\/wp-json\/wp\/v2\/product_cat?post=140920"},{"taxonomy":"product_tag","embeddable":true,"href":"https:\/\/haut-segala.com\/de\/wp-json\/wp\/v2\/product_tag?post=140920"}],"curies":[{"name":"wp","href":"https:\/\/api.w.org\/{rel}","templated":true}]}}