{"id":140926,"date":"2022-06-27T15:55:00","date_gmt":"2022-06-27T13:55:00","guid":{"rendered":"https:\/\/haut-segala.com\/produit\/beurre-corporel-a-lhuile-de-coco-certifie-bio\/"},"modified":"2026-02-04T00:19:46","modified_gmt":"2026-02-03T23:19:46","slug":"beurre-corporel-a-lhuile-de-coco-certifie-bio","status":"publish","type":"product","link":"https:\/\/haut-segala.com\/de\/produit\/beurre-corporel-a-lhuile-de-coco-certifie-bio\/","title":{"rendered":"Zertifizierte Bio-Kokos\u00f6l-K\u00f6rperbutter"},"content":{"rendered":"","protected":false},"excerpt":{"rendered":"<p>Diese K\u00f6rperbutter mit Kokosnuss\u00f6l ist eine nat\u00fcrliche feuchtigkeitsspendende und n\u00e4hrende Behandlung f\u00fcr alle Hauttypen, selbst f\u00fcr die trockensten und dehydriertesten. Es hinterl\u00e4sst einen zarten Duft auf der Haut.<\/p>\n","protected":false},"featured_media":135319,"comment_status":"open","ping_status":"closed","template":"","meta":{"_acf_changed":false},"product_brand":[],"product_cat":[568,572,548,563,565,585,576,560,557],"product_tag":[],"class_list":{"0":"post-140926","1":"product","2":"type-product","3":"status-publish","4":"has-post-thumbnail","6":"product_cat-dehydrierung","7":"product_cat-duerre","8":"product_cat-haare","9":"product_cat-haarpflege","10":"product_cat-koerper","11":"product_cat-koerperbutter-de","12":"product_cat-koerperbutter","13":"product_cat-mein-geschaedigtes-haar-reparieren","14":"product_cat-mein-sehr-trockenes-haar-naehren","16":"first","17":"instock","18":"taxable","19":"shipping-taxable","20":"purchasable","21":"product-type-simple"},"acf":[],"_links":{"self":[{"href":"https:\/\/haut-segala.com\/de\/wp-json\/wp\/v2\/product\/140926","targetHints":{"allow":["GET"]}}],"collection":[{"href":"https:\/\/haut-segala.com\/de\/wp-json\/wp\/v2\/product"}],"about":[{"href":"https:\/\/haut-segala.com\/de\/wp-json\/wp\/v2\/types\/product"}],"replies":[{"embeddable":true,"href":"https:\/\/haut-segala.com\/de\/wp-json\/wp\/v2\/comments?post=140926"}],"wp:featuredmedia":[{"embeddable":true,"href":"https:\/\/haut-segala.com\/de\/wp-json\/wp\/v2\/media\/135319"}],"wp:attachment":[{"href":"https:\/\/haut-segala.com\/de\/wp-json\/wp\/v2\/media?parent=140926"}],"wp:term":[{"taxonomy":"product_brand","embeddable":true,"href":"https:\/\/haut-segala.com\/de\/wp-json\/wp\/v2\/product_brand?post=140926"},{"taxonomy":"product_cat","embeddable":true,"href":"https:\/\/haut-segala.com\/de\/wp-json\/wp\/v2\/product_cat?post=140926"},{"taxonomy":"product_tag","embeddable":true,"href":"https:\/\/haut-segala.com\/de\/wp-json\/wp\/v2\/product_tag?post=140926"}],"curies":[{"name":"wp","href":"https:\/\/api.w.org\/{rel}","templated":true}]}}