{"id":140929,"date":"2022-06-27T15:55:00","date_gmt":"2022-06-27T13:55:00","guid":{"rendered":"https:\/\/haut-segala.com\/produit\/beurre-corporel-de-karite-certifie-bio\/"},"modified":"2026-02-04T00:20:25","modified_gmt":"2026-02-03T23:20:25","slug":"beurre-corporel-de-karite-certifie-bio","status":"publish","type":"product","link":"https:\/\/haut-segala.com\/de\/produit\/beurre-corporel-de-karite-certifie-bio\/","title":{"rendered":"Bio-Sheabutter f\u00fcr den K\u00f6rper"},"content":{"rendered":"","protected":false},"excerpt":{"rendered":"<p>Bio Shea Body Butter ist eine komplett nat\u00fcrliche Behandlung f\u00fcr Gesicht, K\u00f6rper und Haare. Es n\u00e4hrt, sch\u00fctzt und macht trockene bis sehr trockene Haut weich, beruhigt R\u00f6tungen und Irritationen.<\/p>\n","protected":false},"featured_media":135327,"comment_status":"open","ping_status":"closed","template":"","meta":{"_acf_changed":false},"product_brand":[],"product_cat":[568,572,571,548,563,565,576,585,556,555,551],"product_tag":[],"class_list":{"0":"post-140929","1":"product","2":"type-product","3":"status-publish","4":"has-post-thumbnail","6":"product_cat-dehydrierung","7":"product_cat-duerre","8":"product_cat-empfindlichkeit-juckreiz","9":"product_cat-haare","10":"product_cat-haarpflege","11":"product_cat-koerper","12":"product_cat-koerperbutter","13":"product_cat-koerperbutter-de","14":"product_cat-mein-haar-zum-leuchten-bringen","15":"product_cat-mein-trockenes-haar-mit-feuchtigkeit-versorgen","16":"product_cat-meine-empfindliche-kopfhaut-beruhigen","18":"first","19":"instock","20":"taxable","21":"shipping-taxable","22":"purchasable","23":"product-type-variable","24":"has-default-attributes"},"acf":[],"_links":{"self":[{"href":"https:\/\/haut-segala.com\/de\/wp-json\/wp\/v2\/product\/140929","targetHints":{"allow":["GET"]}}],"collection":[{"href":"https:\/\/haut-segala.com\/de\/wp-json\/wp\/v2\/product"}],"about":[{"href":"https:\/\/haut-segala.com\/de\/wp-json\/wp\/v2\/types\/product"}],"replies":[{"embeddable":true,"href":"https:\/\/haut-segala.com\/de\/wp-json\/wp\/v2\/comments?post=140929"}],"wp:featuredmedia":[{"embeddable":true,"href":"https:\/\/haut-segala.com\/de\/wp-json\/wp\/v2\/media\/135327"}],"wp:attachment":[{"href":"https:\/\/haut-segala.com\/de\/wp-json\/wp\/v2\/media?parent=140929"}],"wp:term":[{"taxonomy":"product_brand","embeddable":true,"href":"https:\/\/haut-segala.com\/de\/wp-json\/wp\/v2\/product_brand?post=140929"},{"taxonomy":"product_cat","embeddable":true,"href":"https:\/\/haut-segala.com\/de\/wp-json\/wp\/v2\/product_cat?post=140929"},{"taxonomy":"product_tag","embeddable":true,"href":"https:\/\/haut-segala.com\/de\/wp-json\/wp\/v2\/product_tag?post=140929"}],"curies":[{"name":"wp","href":"https:\/\/api.w.org\/{rel}","templated":true}]}}