{"id":140934,"date":"2022-06-27T15:54:40","date_gmt":"2022-06-27T13:54:40","guid":{"rendered":"https:\/\/haut-segala.com\/produit\/beurre-corporel-au-monoi-de-tahiti-naturel\/"},"modified":"2025-10-03T10:14:32","modified_gmt":"2025-10-03T08:14:32","slug":"beurre-corporel-au-monoi-de-tahiti-naturel","status":"publish","type":"product","link":"https:\/\/haut-segala.com\/de\/produit\/beurre-corporel-au-monoi-de-tahiti-naturel\/","title":{"rendered":"Nat\u00fcrliche K\u00f6rperbutter Monoi de Tahiti"},"content":{"rendered":"","protected":false},"excerpt":{"rendered":"<p>Diese nat\u00fcrliche K\u00f6rperbutter mit dem zarten Duft der Tiare-Blume ist eine komplette Behandlung, die Sie auf eine Reise mitnimmt und gleichzeitig die notwendigen Vorteile bietet, um Ihre Haut zu n\u00e4hren und zu sublimieren.<\/p>\n","protected":false},"featured_media":135323,"comment_status":"open","ping_status":"closed","template":"","meta":{"_acf_changed":false},"product_brand":[],"product_cat":[568,572,548,563,565,585,576,557],"product_tag":[],"class_list":{"0":"post-140934","1":"product","2":"type-product","3":"status-publish","4":"has-post-thumbnail","6":"product_cat-dehydrierung","7":"product_cat-duerre","8":"product_cat-haare","9":"product_cat-haarpflege","10":"product_cat-koerper","11":"product_cat-koerperbutter-de","12":"product_cat-koerperbutter","13":"product_cat-mein-sehr-trockenes-haar-naehren","15":"first","16":"instock","17":"taxable","18":"shipping-taxable","19":"purchasable","20":"product-type-simple"},"acf":[],"_links":{"self":[{"href":"https:\/\/haut-segala.com\/de\/wp-json\/wp\/v2\/product\/140934","targetHints":{"allow":["GET"]}}],"collection":[{"href":"https:\/\/haut-segala.com\/de\/wp-json\/wp\/v2\/product"}],"about":[{"href":"https:\/\/haut-segala.com\/de\/wp-json\/wp\/v2\/types\/product"}],"replies":[{"embeddable":true,"href":"https:\/\/haut-segala.com\/de\/wp-json\/wp\/v2\/comments?post=140934"}],"wp:featuredmedia":[{"embeddable":true,"href":"https:\/\/haut-segala.com\/de\/wp-json\/wp\/v2\/media\/135323"}],"wp:attachment":[{"href":"https:\/\/haut-segala.com\/de\/wp-json\/wp\/v2\/media?parent=140934"}],"wp:term":[{"taxonomy":"product_brand","embeddable":true,"href":"https:\/\/haut-segala.com\/de\/wp-json\/wp\/v2\/product_brand?post=140934"},{"taxonomy":"product_cat","embeddable":true,"href":"https:\/\/haut-segala.com\/de\/wp-json\/wp\/v2\/product_cat?post=140934"},{"taxonomy":"product_tag","embeddable":true,"href":"https:\/\/haut-segala.com\/de\/wp-json\/wp\/v2\/product_tag?post=140934"}],"curies":[{"name":"wp","href":"https:\/\/api.w.org\/{rel}","templated":true}]}}