{"id":142056,"date":"2022-06-27T15:54:51","date_gmt":"2022-06-27T13:54:51","guid":{"rendered":"https:\/\/haut-segala.com\/produit\/serum-hydratant-intense-aloe-vera-certifie-bio\/"},"modified":"2026-03-30T09:04:38","modified_gmt":"2026-03-30T07:04:38","slug":"serum-hydratant-intense-aloe-vera-certifie-bio","status":"publish","type":"product","link":"https:\/\/haut-segala.com\/de\/produit\/serum-hydratant-intense-aloe-vera-certifie-bio\/","title":{"rendered":"Intensiv feuchtigkeitsspendendes Serum mit Aloe Vera aus kontrolliert biologischem Anbau"},"content":{"rendered":"","protected":false},"excerpt":{"rendered":"<p>Dieses Serum mit einer sehr fl\u00fcssigen Textur zieht schnell ein. Seine Zusammensetzung spendet Feuchtigkeit und sch\u00fctzt die Haut vor \u00e4u\u00dferen Einfl\u00fcssen. Die Haut wird weich und geschmeidig und erh\u00e4lt schnell ihre ganze Strahlkraft zur\u00fcck.<\/p>\n","protected":false},"featured_media":135828,"comment_status":"open","ping_status":"closed","template":"","meta":{"_acf_changed":false},"product_brand":[],"product_cat":[444,443,593,610],"product_tag":[],"class_list":{"0":"post-142056","1":"product","2":"type-product","3":"status-publish","4":"has-post-thumbnail","6":"product_cat-gesicht","7":"product_cat-pflege-mit-aloe-vera","8":"product_cat-reduzierte-preise","9":"product_cat-seren","11":"first","12":"instock","13":"sale","14":"taxable","15":"shipping-taxable","16":"purchasable","17":"product-type-simple"},"acf":[],"_links":{"self":[{"href":"https:\/\/haut-segala.com\/de\/wp-json\/wp\/v2\/product\/142056","targetHints":{"allow":["GET"]}}],"collection":[{"href":"https:\/\/haut-segala.com\/de\/wp-json\/wp\/v2\/product"}],"about":[{"href":"https:\/\/haut-segala.com\/de\/wp-json\/wp\/v2\/types\/product"}],"replies":[{"embeddable":true,"href":"https:\/\/haut-segala.com\/de\/wp-json\/wp\/v2\/comments?post=142056"}],"wp:featuredmedia":[{"embeddable":true,"href":"https:\/\/haut-segala.com\/de\/wp-json\/wp\/v2\/media\/135828"}],"wp:attachment":[{"href":"https:\/\/haut-segala.com\/de\/wp-json\/wp\/v2\/media?parent=142056"}],"wp:term":[{"taxonomy":"product_brand","embeddable":true,"href":"https:\/\/haut-segala.com\/de\/wp-json\/wp\/v2\/product_brand?post=142056"},{"taxonomy":"product_cat","embeddable":true,"href":"https:\/\/haut-segala.com\/de\/wp-json\/wp\/v2\/product_cat?post=142056"},{"taxonomy":"product_tag","embeddable":true,"href":"https:\/\/haut-segala.com\/de\/wp-json\/wp\/v2\/product_tag?post=142056"}],"curies":[{"name":"wp","href":"https:\/\/api.w.org\/{rel}","templated":true}]}}