{"id":142060,"date":"2022-06-27T15:54:51","date_gmt":"2022-06-27T13:54:51","guid":{"rendered":"https:\/\/haut-segala.com\/produit\/serum-regenerant-aloe-vera-certifie-bio\/"},"modified":"2026-02-04T00:19:47","modified_gmt":"2026-02-03T23:19:47","slug":"serum-regenerant-aloe-vera-certifie-bio","status":"publish","type":"product","link":"https:\/\/haut-segala.com\/de\/produit\/serum-regenerant-aloe-vera-certifie-bio\/","title":{"rendered":"Regenerierendes Serum mit Aloe Vera aus kontrolliert biologischem Anbau"},"content":{"rendered":"","protected":false},"excerpt":{"rendered":"<p>Dieses regenerierende \u00d6lserum besteht aus wertvollen Bio-Pflanzen\u00f6len. Es ist f\u00fcr alle Hauttypen geeignet.<\/p>\n","protected":false},"featured_media":135812,"comment_status":"open","ping_status":"closed","template":"","meta":{"_acf_changed":false},"product_brand":[],"product_cat":[596,447,446,444,598,443,610],"product_tag":[],"class_list":{"0":"post-142060","1":"product","2":"type-product","3":"status-publish","4":"has-post-thumbnail","6":"product_cat-dehydrierung-de","7":"product_cat-erste-falten-und-etablierte-falten","8":"product_cat-teint-terne-visage-de","9":"product_cat-gesicht","10":"product_cat-mangel-an-standhaftigkeit-de","11":"product_cat-pflege-mit-aloe-vera","12":"product_cat-seren","14":"first","15":"instock","16":"taxable","17":"shipping-taxable","18":"purchasable","19":"product-type-simple"},"acf":[],"_links":{"self":[{"href":"https:\/\/haut-segala.com\/de\/wp-json\/wp\/v2\/product\/142060","targetHints":{"allow":["GET"]}}],"collection":[{"href":"https:\/\/haut-segala.com\/de\/wp-json\/wp\/v2\/product"}],"about":[{"href":"https:\/\/haut-segala.com\/de\/wp-json\/wp\/v2\/types\/product"}],"replies":[{"embeddable":true,"href":"https:\/\/haut-segala.com\/de\/wp-json\/wp\/v2\/comments?post=142060"}],"wp:featuredmedia":[{"embeddable":true,"href":"https:\/\/haut-segala.com\/de\/wp-json\/wp\/v2\/media\/135812"}],"wp:attachment":[{"href":"https:\/\/haut-segala.com\/de\/wp-json\/wp\/v2\/media?parent=142060"}],"wp:term":[{"taxonomy":"product_brand","embeddable":true,"href":"https:\/\/haut-segala.com\/de\/wp-json\/wp\/v2\/product_brand?post=142060"},{"taxonomy":"product_cat","embeddable":true,"href":"https:\/\/haut-segala.com\/de\/wp-json\/wp\/v2\/product_cat?post=142060"},{"taxonomy":"product_tag","embeddable":true,"href":"https:\/\/haut-segala.com\/de\/wp-json\/wp\/v2\/product_tag?post=142060"}],"curies":[{"name":"wp","href":"https:\/\/api.w.org\/{rel}","templated":true}]}}