{"id":142403,"date":"2022-06-27T15:55:18","date_gmt":"2022-06-27T13:55:18","guid":{"rendered":"https:\/\/haut-segala.com\/produit\/savon-dalep-liquide-certifie-bio-500ml\/"},"modified":"2024-05-19T18:39:34","modified_gmt":"2024-05-19T16:39:34","slug":"savon-dalep-liquide-certifie-bio-500ml","status":"publish","type":"product","link":"https:\/\/haut-segala.com\/de\/produit\/savon-dalep-liquide-certifie-bio-500ml\/","title":{"rendered":"Aleppo-Fl\u00fcssigseife aus kontrolliert biologischem Anbau"},"content":{"rendered":"","protected":false},"excerpt":{"rendered":"<p>Fl\u00fcssige Aleppo-Seife mit 20 % Lorbeer\u00f6l aus kontrolliert biologischem Anbau zum Waschen und Sch\u00fctzen normaler bis empfindlicher Haut.<\/p>\n","protected":false},"featured_media":144567,"comment_status":"open","ping_status":"closed","template":"","meta":{"_acf_changed":false},"product_brand":[],"product_cat":[444,565,583,609],"product_tag":[],"class_list":{"0":"post-142403","1":"product","2":"type-product","3":"status-publish","4":"has-post-thumbnail","6":"product_cat-gesicht","7":"product_cat-koerper","8":"product_cat-reiniger-dusche","9":"product_cat-reinigungsmittel","11":"first","12":"instock","13":"taxable","14":"shipping-taxable","15":"purchasable","16":"product-type-simple"},"acf":[],"_links":{"self":[{"href":"https:\/\/haut-segala.com\/de\/wp-json\/wp\/v2\/product\/142403","targetHints":{"allow":["GET"]}}],"collection":[{"href":"https:\/\/haut-segala.com\/de\/wp-json\/wp\/v2\/product"}],"about":[{"href":"https:\/\/haut-segala.com\/de\/wp-json\/wp\/v2\/types\/product"}],"replies":[{"embeddable":true,"href":"https:\/\/haut-segala.com\/de\/wp-json\/wp\/v2\/comments?post=142403"}],"wp:featuredmedia":[{"embeddable":true,"href":"https:\/\/haut-segala.com\/de\/wp-json\/wp\/v2\/media\/144567"}],"wp:attachment":[{"href":"https:\/\/haut-segala.com\/de\/wp-json\/wp\/v2\/media?parent=142403"}],"wp:term":[{"taxonomy":"product_brand","embeddable":true,"href":"https:\/\/haut-segala.com\/de\/wp-json\/wp\/v2\/product_brand?post=142403"},{"taxonomy":"product_cat","embeddable":true,"href":"https:\/\/haut-segala.com\/de\/wp-json\/wp\/v2\/product_cat?post=142403"},{"taxonomy":"product_tag","embeddable":true,"href":"https:\/\/haut-segala.com\/de\/wp-json\/wp\/v2\/product_tag?post=142403"}],"curies":[{"name":"wp","href":"https:\/\/api.w.org\/{rel}","templated":true}]}}