{"id":142429,"date":"2022-06-27T15:55:00","date_gmt":"2022-06-27T13:55:00","guid":{"rendered":"https:\/\/haut-segala.com\/produit\/huile-amincissante-et-tonifiante-certifiee-bio\/"},"modified":"2026-04-07T17:50:53","modified_gmt":"2026-04-07T15:50:53","slug":"huile-amincissante-et-tonifiante-certifiee-bio","status":"publish","type":"product","link":"https:\/\/haut-segala.com\/de\/produit\/huile-amincissante-et-tonifiante-certifiee-bio\/","title":{"rendered":"Bio-zertifiziertes Schlankheits- und Straffungs\u00f6l"},"content":{"rendered":"","protected":false},"excerpt":{"rendered":"<p>Das Schlankheits- und Straffungs\u00f6l ist ein Komplex aus biologischen Pflanzen\u00f6len, der dank seiner Eigenschaften stimuliert und festigt, um die Silhouette zu verfeinern und den K\u00f6rper zu entw\u00e4ssern.<\/p>\n","protected":false},"featured_media":135333,"comment_status":"open","ping_status":"closed","template":"","meta":{"_acf_changed":false},"product_brand":[],"product_cat":[565,569,577,586,567],"product_tag":[],"class_list":{"0":"post-142429","1":"product","2":"type-product","3":"status-publish","4":"has-post-thumbnail","6":"product_cat-koerper","7":"product_cat-mangel-an-standhaftigkeit","8":"product_cat-oeliger-komplex","9":"product_cat-oelkomplexe","10":"product_cat-zellulis","12":"first","13":"instock","14":"taxable","15":"shipping-taxable","16":"purchasable","17":"product-type-simple"},"acf":[],"_links":{"self":[{"href":"https:\/\/haut-segala.com\/de\/wp-json\/wp\/v2\/product\/142429","targetHints":{"allow":["GET"]}}],"collection":[{"href":"https:\/\/haut-segala.com\/de\/wp-json\/wp\/v2\/product"}],"about":[{"href":"https:\/\/haut-segala.com\/de\/wp-json\/wp\/v2\/types\/product"}],"replies":[{"embeddable":true,"href":"https:\/\/haut-segala.com\/de\/wp-json\/wp\/v2\/comments?post=142429"}],"wp:featuredmedia":[{"embeddable":true,"href":"https:\/\/haut-segala.com\/de\/wp-json\/wp\/v2\/media\/135333"}],"wp:attachment":[{"href":"https:\/\/haut-segala.com\/de\/wp-json\/wp\/v2\/media?parent=142429"}],"wp:term":[{"taxonomy":"product_brand","embeddable":true,"href":"https:\/\/haut-segala.com\/de\/wp-json\/wp\/v2\/product_brand?post=142429"},{"taxonomy":"product_cat","embeddable":true,"href":"https:\/\/haut-segala.com\/de\/wp-json\/wp\/v2\/product_cat?post=142429"},{"taxonomy":"product_tag","embeddable":true,"href":"https:\/\/haut-segala.com\/de\/wp-json\/wp\/v2\/product_tag?post=142429"}],"curies":[{"name":"wp","href":"https:\/\/api.w.org\/{rel}","templated":true}]}}