{"id":142435,"date":"2022-06-27T15:54:51","date_gmt":"2022-06-27T13:54:51","guid":{"rendered":"https:\/\/haut-segala.com\/produit\/huile-beaute-du-buste-certifiee-bio\/"},"modified":"2026-02-04T00:20:10","modified_gmt":"2026-02-03T23:20:10","slug":"huile-beaute-du-buste-certifiee-bio","status":"publish","type":"product","link":"https:\/\/haut-segala.com\/de\/produit\/huile-beaute-du-buste-certifiee-bio\/","title":{"rendered":"Bio-zertifiziertes Brust-Sch\u00f6nheits\u00f6l"},"content":{"rendered":"","protected":false},"excerpt":{"rendered":"<p>Bust Beauty Oil ist ein Komplex aus lokalisierten \u00d6len f\u00fcr den K\u00f6rper. Es strafft, regeneriert und hydratisiert die Haut des Dekollet\u00e9s. Es kann auch lokal an anderen Stellen des K\u00f6rpers angewendet werden, denen es an Straffheit mangelt.<\/p>\n","protected":false},"featured_media":135331,"comment_status":"open","ping_status":"closed","template":"","meta":{"_acf_changed":false},"product_brand":[],"product_cat":[565,569,577,586],"product_tag":[],"class_list":{"0":"post-142435","1":"product","2":"type-product","3":"status-publish","4":"has-post-thumbnail","6":"product_cat-koerper","7":"product_cat-mangel-an-standhaftigkeit","8":"product_cat-oeliger-komplex","9":"product_cat-oelkomplexe","11":"first","12":"instock","13":"taxable","14":"shipping-taxable","15":"purchasable","16":"product-type-simple"},"acf":[],"_links":{"self":[{"href":"https:\/\/haut-segala.com\/de\/wp-json\/wp\/v2\/product\/142435","targetHints":{"allow":["GET"]}}],"collection":[{"href":"https:\/\/haut-segala.com\/de\/wp-json\/wp\/v2\/product"}],"about":[{"href":"https:\/\/haut-segala.com\/de\/wp-json\/wp\/v2\/types\/product"}],"replies":[{"embeddable":true,"href":"https:\/\/haut-segala.com\/de\/wp-json\/wp\/v2\/comments?post=142435"}],"wp:featuredmedia":[{"embeddable":true,"href":"https:\/\/haut-segala.com\/de\/wp-json\/wp\/v2\/media\/135331"}],"wp:attachment":[{"href":"https:\/\/haut-segala.com\/de\/wp-json\/wp\/v2\/media?parent=142435"}],"wp:term":[{"taxonomy":"product_brand","embeddable":true,"href":"https:\/\/haut-segala.com\/de\/wp-json\/wp\/v2\/product_brand?post=142435"},{"taxonomy":"product_cat","embeddable":true,"href":"https:\/\/haut-segala.com\/de\/wp-json\/wp\/v2\/product_cat?post=142435"},{"taxonomy":"product_tag","embeddable":true,"href":"https:\/\/haut-segala.com\/de\/wp-json\/wp\/v2\/product_tag?post=142435"}],"curies":[{"name":"wp","href":"https:\/\/api.w.org\/{rel}","templated":true}]}}