{"id":142438,"date":"2022-06-27T15:55:18","date_gmt":"2022-06-27T13:55:18","guid":{"rendered":"https:\/\/haut-segala.com\/produit\/huile-dabricot-certifiee-bio\/"},"modified":"2026-02-04T00:19:45","modified_gmt":"2026-02-03T23:19:45","slug":"huile-dabricot-certifiee-bio","status":"publish","type":"product","link":"https:\/\/haut-segala.com\/de\/produit\/huile-dabricot-certifiee-bio\/","title":{"rendered":"Aprikosen\u00f6l aus kontrolliert biologischem Anbau"},"content":{"rendered":"","protected":false},"excerpt":{"rendered":"<p>Dieses Bio-Aprikosen-Pflanzen\u00f6l ist sehr reich an \u00d6ls\u00e4ure (Omega-9-Familie), die ihm eine ideale Durchdringungskraft verleiht.<\/p>\n","protected":false},"featured_media":187550,"comment_status":"open","ping_status":"closed","template":"","meta":{"_acf_changed":false},"product_brand":[],"product_cat":[568,596,572,447,570,446,444,548,563,565,556,591,608,581],"product_tag":[],"class_list":{"0":"post-142438","1":"product","2":"type-product","3":"status-publish","4":"has-post-thumbnail","6":"product_cat-dehydrierung","7":"product_cat-dehydrierung-de","8":"product_cat-duerre","9":"product_cat-erste-falten-und-etablierte-falten","10":"product_cat-fahle-haut","11":"product_cat-teint-terne-visage-de","12":"product_cat-gesicht","13":"product_cat-haare","14":"product_cat-haarpflege","15":"product_cat-koerper","16":"product_cat-mein-haar-zum-leuchten-bringen","17":"product_cat-pflanzliche-oele-de","18":"product_cat-pflanzliche-oele-de-2","19":"product_cat-pflanzliche-oele","21":"first","22":"instock","23":"taxable","24":"shipping-taxable","25":"purchasable","26":"product-type-simple"},"acf":[],"_links":{"self":[{"href":"https:\/\/haut-segala.com\/de\/wp-json\/wp\/v2\/product\/142438","targetHints":{"allow":["GET"]}}],"collection":[{"href":"https:\/\/haut-segala.com\/de\/wp-json\/wp\/v2\/product"}],"about":[{"href":"https:\/\/haut-segala.com\/de\/wp-json\/wp\/v2\/types\/product"}],"replies":[{"embeddable":true,"href":"https:\/\/haut-segala.com\/de\/wp-json\/wp\/v2\/comments?post=142438"}],"wp:featuredmedia":[{"embeddable":true,"href":"https:\/\/haut-segala.com\/de\/wp-json\/wp\/v2\/media\/187550"}],"wp:attachment":[{"href":"https:\/\/haut-segala.com\/de\/wp-json\/wp\/v2\/media?parent=142438"}],"wp:term":[{"taxonomy":"product_brand","embeddable":true,"href":"https:\/\/haut-segala.com\/de\/wp-json\/wp\/v2\/product_brand?post=142438"},{"taxonomy":"product_cat","embeddable":true,"href":"https:\/\/haut-segala.com\/de\/wp-json\/wp\/v2\/product_cat?post=142438"},{"taxonomy":"product_tag","embeddable":true,"href":"https:\/\/haut-segala.com\/de\/wp-json\/wp\/v2\/product_tag?post=142438"}],"curies":[{"name":"wp","href":"https:\/\/api.w.org\/{rel}","templated":true}]}}