{"id":142441,"date":"2022-06-27T15:54:51","date_gmt":"2022-06-27T13:54:51","guid":{"rendered":"https:\/\/haut-segala.com\/produit\/huile-daloe-vera-certifiee-bio\/"},"modified":"2026-04-19T05:29:27","modified_gmt":"2026-04-19T03:29:27","slug":"huile-daloe-vera-certifiee-bio","status":"publish","type":"product","link":"https:\/\/haut-segala.com\/de\/produit\/huile-daloe-vera-certifiee-bio\/","title":{"rendered":"Zertifiziertes Bio-Aloe-Vera-\u00d6l"},"content":{"rendered":"","protected":false},"excerpt":{"rendered":"<p>Aloe Vera Pflanzen\u00f6l hat eine n\u00e4hrende und feuchtigkeitsspendende Kraft, erg\u00e4nzt durch eine adstringierende Kraft.<\/p>\n","protected":false},"featured_media":187546,"comment_status":"open","ping_status":"closed","template":"","meta":{"_acf_changed":false},"product_brand":[],"product_cat":[594,568,596,572,571,448,444,548,565,598,569,560,556,557,555,558,581,591,608,603],"product_tag":[],"class_list":{"0":"post-142441","1":"product","2":"type-product","3":"status-publish","4":"has-post-thumbnail","6":"product_cat-besorgnis-de-2","7":"product_cat-dehydrierung","8":"product_cat-dehydrierung-de","9":"product_cat-duerre","10":"product_cat-empfindlichkeit-juckreiz","11":"product_cat-empfindlichkeiten-und-rotungen","12":"product_cat-gesicht","13":"product_cat-haare","14":"product_cat-koerper","15":"product_cat-mangel-an-standhaftigkeit-de","16":"product_cat-mangel-an-standhaftigkeit","17":"product_cat-mein-geschaedigtes-haar-reparieren","18":"product_cat-mein-haar-zum-leuchten-bringen","19":"product_cat-mein-sehr-trockenes-haar-naehren","20":"product_cat-mein-trockenes-haar-mit-feuchtigkeit-versorgen","21":"product_cat-meine-fettige-kopfhaut-reinigen","22":"product_cat-pflanzliche-oele","23":"product_cat-pflanzliche-oele-de","24":"product_cat-pflanzliche-oele-de-2","25":"product_cat-trockner","27":"first","28":"instock","29":"taxable","30":"shipping-taxable","31":"purchasable","32":"product-type-simple"},"acf":[],"_links":{"self":[{"href":"https:\/\/haut-segala.com\/de\/wp-json\/wp\/v2\/product\/142441","targetHints":{"allow":["GET"]}}],"collection":[{"href":"https:\/\/haut-segala.com\/de\/wp-json\/wp\/v2\/product"}],"about":[{"href":"https:\/\/haut-segala.com\/de\/wp-json\/wp\/v2\/types\/product"}],"replies":[{"embeddable":true,"href":"https:\/\/haut-segala.com\/de\/wp-json\/wp\/v2\/comments?post=142441"}],"wp:featuredmedia":[{"embeddable":true,"href":"https:\/\/haut-segala.com\/de\/wp-json\/wp\/v2\/media\/187546"}],"wp:attachment":[{"href":"https:\/\/haut-segala.com\/de\/wp-json\/wp\/v2\/media?parent=142441"}],"wp:term":[{"taxonomy":"product_brand","embeddable":true,"href":"https:\/\/haut-segala.com\/de\/wp-json\/wp\/v2\/product_brand?post=142441"},{"taxonomy":"product_cat","embeddable":true,"href":"https:\/\/haut-segala.com\/de\/wp-json\/wp\/v2\/product_cat?post=142441"},{"taxonomy":"product_tag","embeddable":true,"href":"https:\/\/haut-segala.com\/de\/wp-json\/wp\/v2\/product_tag?post=142441"}],"curies":[{"name":"wp","href":"https:\/\/api.w.org\/{rel}","templated":true}]}}