{"id":142444,"date":"2022-06-27T15:55:10","date_gmt":"2022-06-27T13:55:10","guid":{"rendered":"https:\/\/haut-segala.com\/produit\/huile-damande-douce-certifiee-bio\/"},"modified":"2026-02-04T00:20:21","modified_gmt":"2026-02-03T23:20:21","slug":"huile-damande-douce-certifiee-bio","status":"publish","type":"product","link":"https:\/\/haut-segala.com\/de\/produit\/huile-damande-douce-certifiee-bio\/","title":{"rendered":"S\u00fc\u00dfmandel\u00f6l aus kontrolliert biologischem Anbau"},"content":{"rendered":"","protected":false},"excerpt":{"rendered":"<p>S\u00fc\u00dfmandel\u00f6l ist perfekt f\u00fcr Haut, die Weichheit und Beruhigung ben\u00f6tigt, weshalb es leicht auf der empfindlichen Haut von Babys oder zur Behandlung von K\u00f6rperrissen verwendet werden kann.<\/p>\n","protected":false},"featured_media":176694,"comment_status":"open","ping_status":"closed","template":"","meta":{"_acf_changed":false},"product_brand":[],"product_cat":[574,568,596,571,448,444,548,563,565,557,555,608,581,591],"product_tag":[],"class_list":{"0":"post-142444","1":"product","2":"type-product","3":"status-publish","4":"has-post-thumbnail","6":"product_cat-dehnungsstreifen","7":"product_cat-dehydrierung","8":"product_cat-dehydrierung-de","9":"product_cat-empfindlichkeit-juckreiz","10":"product_cat-empfindlichkeiten-und-rotungen","11":"product_cat-gesicht","12":"product_cat-haare","13":"product_cat-haarpflege","14":"product_cat-koerper","15":"product_cat-mein-sehr-trockenes-haar-naehren","16":"product_cat-mein-trockenes-haar-mit-feuchtigkeit-versorgen","17":"product_cat-pflanzliche-oele-de-2","18":"product_cat-pflanzliche-oele","19":"product_cat-pflanzliche-oele-de","21":"first","22":"instock","23":"taxable","24":"shipping-taxable","25":"purchasable","26":"product-type-variable","27":"has-default-attributes"},"acf":[],"_links":{"self":[{"href":"https:\/\/haut-segala.com\/de\/wp-json\/wp\/v2\/product\/142444","targetHints":{"allow":["GET"]}}],"collection":[{"href":"https:\/\/haut-segala.com\/de\/wp-json\/wp\/v2\/product"}],"about":[{"href":"https:\/\/haut-segala.com\/de\/wp-json\/wp\/v2\/types\/product"}],"replies":[{"embeddable":true,"href":"https:\/\/haut-segala.com\/de\/wp-json\/wp\/v2\/comments?post=142444"}],"wp:featuredmedia":[{"embeddable":true,"href":"https:\/\/haut-segala.com\/de\/wp-json\/wp\/v2\/media\/176694"}],"wp:attachment":[{"href":"https:\/\/haut-segala.com\/de\/wp-json\/wp\/v2\/media?parent=142444"}],"wp:term":[{"taxonomy":"product_brand","embeddable":true,"href":"https:\/\/haut-segala.com\/de\/wp-json\/wp\/v2\/product_brand?post=142444"},{"taxonomy":"product_cat","embeddable":true,"href":"https:\/\/haut-segala.com\/de\/wp-json\/wp\/v2\/product_cat?post=142444"},{"taxonomy":"product_tag","embeddable":true,"href":"https:\/\/haut-segala.com\/de\/wp-json\/wp\/v2\/product_tag?post=142444"}],"curies":[{"name":"wp","href":"https:\/\/api.w.org\/{rel}","templated":true}]}}