{"id":142458,"date":"2022-06-27T15:55:10","date_gmt":"2022-06-27T13:55:10","guid":{"rendered":"https:\/\/haut-segala.com\/produit\/huile-davocat-certifiee-bio\/"},"modified":"2025-05-07T00:01:11","modified_gmt":"2025-05-06T22:01:11","slug":"huile-davocat-certifiee-bio","status":"publish","type":"product","link":"https:\/\/haut-segala.com\/de\/produit\/huile-davocat-certifiee-bio\/","title":{"rendered":"Zertifiziertes Bio-Avocado\u00f6l"},"content":{"rendered":"","protected":false},"excerpt":{"rendered":"<p>Das Bio-Avocado-Pflanzen\u00f6l ist ideal f\u00fcr sehr trockene Haut und zieht leicht ein und verleiht Gesicht und K\u00f6rper einen strahlenden Teint.<\/p>\n","protected":false},"featured_media":177266,"comment_status":"open","ping_status":"closed","template":"","meta":{"_acf_changed":false},"product_brand":[],"product_cat":[550,574,568,572,571,448,447,570,446,444,548,563,565,556,557,555,591,608,581,603],"product_tag":[],"class_list":{"0":"post-142458","1":"product","2":"type-product","3":"status-publish","4":"has-post-thumbnail","6":"product_cat-das-wachstum-meiner-haare-beschleunigen","7":"product_cat-dehnungsstreifen","8":"product_cat-dehydrierung","9":"product_cat-duerre","10":"product_cat-empfindlichkeit-juckreiz","11":"product_cat-empfindlichkeiten-und-rotungen","12":"product_cat-erste-falten-und-etablierte-falten","13":"product_cat-fahle-haut","14":"product_cat-teint-terne-visage-de","15":"product_cat-gesicht","16":"product_cat-haare","17":"product_cat-haarpflege","18":"product_cat-koerper","19":"product_cat-mein-haar-zum-leuchten-bringen","20":"product_cat-mein-sehr-trockenes-haar-naehren","21":"product_cat-mein-trockenes-haar-mit-feuchtigkeit-versorgen","22":"product_cat-pflanzliche-oele-de","23":"product_cat-pflanzliche-oele-de-2","24":"product_cat-pflanzliche-oele","25":"product_cat-trockner","27":"first","28":"instock","29":"taxable","30":"shipping-taxable","31":"purchasable","32":"product-type-simple"},"acf":[],"_links":{"self":[{"href":"https:\/\/haut-segala.com\/de\/wp-json\/wp\/v2\/product\/142458","targetHints":{"allow":["GET"]}}],"collection":[{"href":"https:\/\/haut-segala.com\/de\/wp-json\/wp\/v2\/product"}],"about":[{"href":"https:\/\/haut-segala.com\/de\/wp-json\/wp\/v2\/types\/product"}],"replies":[{"embeddable":true,"href":"https:\/\/haut-segala.com\/de\/wp-json\/wp\/v2\/comments?post=142458"}],"wp:featuredmedia":[{"embeddable":true,"href":"https:\/\/haut-segala.com\/de\/wp-json\/wp\/v2\/media\/177266"}],"wp:attachment":[{"href":"https:\/\/haut-segala.com\/de\/wp-json\/wp\/v2\/media?parent=142458"}],"wp:term":[{"taxonomy":"product_brand","embeddable":true,"href":"https:\/\/haut-segala.com\/de\/wp-json\/wp\/v2\/product_brand?post=142458"},{"taxonomy":"product_cat","embeddable":true,"href":"https:\/\/haut-segala.com\/de\/wp-json\/wp\/v2\/product_cat?post=142458"},{"taxonomy":"product_tag","embeddable":true,"href":"https:\/\/haut-segala.com\/de\/wp-json\/wp\/v2\/product_tag?post=142458"}],"curies":[{"name":"wp","href":"https:\/\/api.w.org\/{rel}","templated":true}]}}