{"id":142461,"date":"2022-06-27T15:55:10","date_gmt":"2022-06-27T13:55:10","guid":{"rendered":"https:\/\/haut-segala.com\/produit\/huile-de-baobab-certifiee-bio\/"},"modified":"2025-05-07T00:01:20","modified_gmt":"2025-05-06T22:01:20","slug":"huile-de-baobab-certifiee-bio","status":"publish","type":"product","link":"https:\/\/haut-segala.com\/de\/produit\/huile-de-baobab-certifiee-bio\/","title":{"rendered":"Baobab\u00f6l aus kontrolliert biologischem Anbau"},"content":{"rendered":"","protected":false},"excerpt":{"rendered":"<p>Baobab-\u00d6l, reich an Omega 6 und \u00d6ls\u00e4ure, wird h\u00e4ufig zur Bek\u00e4mpfung von Spannungsgef\u00fchlen bei trockener Haut sowie bei gesch\u00e4digtem Haar eingesetzt.<\/p>\n","protected":false},"featured_media":205675,"comment_status":"open","ping_status":"closed","template":"","meta":{"_acf_changed":false},"product_brand":[],"product_cat":[574,568,596,572,571,448,447,444,548,565,556,557,551,591,608,581,603],"product_tag":[],"class_list":{"0":"post-142461","1":"product","2":"type-product","3":"status-publish","4":"has-post-thumbnail","6":"product_cat-dehnungsstreifen","7":"product_cat-dehydrierung","8":"product_cat-dehydrierung-de","9":"product_cat-duerre","10":"product_cat-empfindlichkeit-juckreiz","11":"product_cat-empfindlichkeiten-und-rotungen","12":"product_cat-erste-falten-und-etablierte-falten","13":"product_cat-gesicht","14":"product_cat-haare","15":"product_cat-koerper","16":"product_cat-mein-haar-zum-leuchten-bringen","17":"product_cat-mein-sehr-trockenes-haar-naehren","18":"product_cat-meine-empfindliche-kopfhaut-beruhigen","19":"product_cat-pflanzliche-oele-de","20":"product_cat-pflanzliche-oele-de-2","21":"product_cat-pflanzliche-oele","22":"product_cat-trockner","24":"first","25":"instock","26":"taxable","27":"shipping-taxable","28":"purchasable","29":"product-type-simple"},"acf":[],"_links":{"self":[{"href":"https:\/\/haut-segala.com\/de\/wp-json\/wp\/v2\/product\/142461","targetHints":{"allow":["GET"]}}],"collection":[{"href":"https:\/\/haut-segala.com\/de\/wp-json\/wp\/v2\/product"}],"about":[{"href":"https:\/\/haut-segala.com\/de\/wp-json\/wp\/v2\/types\/product"}],"replies":[{"embeddable":true,"href":"https:\/\/haut-segala.com\/de\/wp-json\/wp\/v2\/comments?post=142461"}],"wp:featuredmedia":[{"embeddable":true,"href":"https:\/\/haut-segala.com\/de\/wp-json\/wp\/v2\/media\/205675"}],"wp:attachment":[{"href":"https:\/\/haut-segala.com\/de\/wp-json\/wp\/v2\/media?parent=142461"}],"wp:term":[{"taxonomy":"product_brand","embeddable":true,"href":"https:\/\/haut-segala.com\/de\/wp-json\/wp\/v2\/product_brand?post=142461"},{"taxonomy":"product_cat","embeddable":true,"href":"https:\/\/haut-segala.com\/de\/wp-json\/wp\/v2\/product_cat?post=142461"},{"taxonomy":"product_tag","embeddable":true,"href":"https:\/\/haut-segala.com\/de\/wp-json\/wp\/v2\/product_tag?post=142461"}],"curies":[{"name":"wp","href":"https:\/\/api.w.org\/{rel}","templated":true}]}}