{"id":142464,"date":"2022-06-27T15:55:10","date_gmt":"2022-06-27T13:55:10","guid":{"rendered":"https:\/\/haut-segala.com\/produit\/huile-de-bourrache-certifiee-bio\/"},"modified":"2025-10-16T09:15:49","modified_gmt":"2025-10-16T07:15:49","slug":"huile-de-bourrache-certifiee-bio","status":"publish","type":"product","link":"https:\/\/haut-segala.com\/de\/produit\/huile-de-bourrache-certifiee-bio\/","title":{"rendered":"Borretsch\u00f6l aus kontrolliert biologischem Anbau"},"content":{"rendered":"","protected":false},"excerpt":{"rendered":"<p>Borretsch\u00f6l hat einen hohen Anteil an Gamma-Linolens\u00e4ure, die ihm Anti-Aging-Eigenschaften verleiht.<\/p>\n<p>&nbsp;<\/p>\n","protected":false},"featured_media":187542,"comment_status":"open","ping_status":"closed","template":"","meta":{"_acf_changed":false},"product_brand":[],"product_cat":[574,596,572,448,447,444,548,565,569,598,556,555,591,581,608,603],"product_tag":[],"class_list":{"0":"post-142464","1":"product","2":"type-product","3":"status-publish","4":"has-post-thumbnail","6":"product_cat-dehnungsstreifen","7":"product_cat-dehydrierung-de","8":"product_cat-duerre","9":"product_cat-empfindlichkeiten-und-rotungen","10":"product_cat-erste-falten-und-etablierte-falten","11":"product_cat-gesicht","12":"product_cat-haare","13":"product_cat-koerper","14":"product_cat-mangel-an-standhaftigkeit","15":"product_cat-mangel-an-standhaftigkeit-de","16":"product_cat-mein-haar-zum-leuchten-bringen","17":"product_cat-mein-trockenes-haar-mit-feuchtigkeit-versorgen","18":"product_cat-pflanzliche-oele-de","19":"product_cat-pflanzliche-oele","20":"product_cat-pflanzliche-oele-de-2","21":"product_cat-trockner","23":"first","24":"instock","25":"taxable","26":"shipping-taxable","27":"purchasable","28":"product-type-simple"},"acf":[],"_links":{"self":[{"href":"https:\/\/haut-segala.com\/de\/wp-json\/wp\/v2\/product\/142464","targetHints":{"allow":["GET"]}}],"collection":[{"href":"https:\/\/haut-segala.com\/de\/wp-json\/wp\/v2\/product"}],"about":[{"href":"https:\/\/haut-segala.com\/de\/wp-json\/wp\/v2\/types\/product"}],"replies":[{"embeddable":true,"href":"https:\/\/haut-segala.com\/de\/wp-json\/wp\/v2\/comments?post=142464"}],"wp:featuredmedia":[{"embeddable":true,"href":"https:\/\/haut-segala.com\/de\/wp-json\/wp\/v2\/media\/187542"}],"wp:attachment":[{"href":"https:\/\/haut-segala.com\/de\/wp-json\/wp\/v2\/media?parent=142464"}],"wp:term":[{"taxonomy":"product_brand","embeddable":true,"href":"https:\/\/haut-segala.com\/de\/wp-json\/wp\/v2\/product_brand?post=142464"},{"taxonomy":"product_cat","embeddable":true,"href":"https:\/\/haut-segala.com\/de\/wp-json\/wp\/v2\/product_cat?post=142464"},{"taxonomy":"product_tag","embeddable":true,"href":"https:\/\/haut-segala.com\/de\/wp-json\/wp\/v2\/product_tag?post=142464"}],"curies":[{"name":"wp","href":"https:\/\/api.w.org\/{rel}","templated":true}]}}