{"id":142561,"date":"2022-06-27T15:56:05","date_gmt":"2022-06-27T13:56:05","guid":{"rendered":"https:\/\/haut-segala.com\/produit\/huile-de-brocoli-certifiee-bio\/"},"modified":"2025-10-27T03:52:22","modified_gmt":"2025-10-27T02:52:22","slug":"huile-de-brocoli-certifiee-bio","status":"publish","type":"product","link":"https:\/\/haut-segala.com\/de\/produit\/huile-de-brocoli-certifiee-bio\/","title":{"rendered":"Brokkoli\u00f6l aus kontrolliert biologischem Anbau"},"content":{"rendered":"","protected":false},"excerpt":{"rendered":"<p>Brokkoli\u00f6l ist als perfekte Haarsp\u00fclung bekannt. Kr\u00e4ftigend und umh\u00fcllend entwirrt und gl\u00e4ttet dieses \u00d6l alle Haartypen. Aufgrund seiner regenerativen und antioxidativen Eigenschaften ist es auch f\u00fcr reife Haut geeignet.<\/p>\n","protected":false},"featured_media":135983,"comment_status":"open","ping_status":"closed","template":"","meta":{"_acf_changed":false},"product_brand":[],"product_cat":[572,571,448,447,444,548,565,569,598,556,557,559,608,581,591,603,552],"product_tag":[],"class_list":{"0":"post-142561","1":"product","2":"type-product","3":"status-publish","4":"has-post-thumbnail","6":"product_cat-duerre","7":"product_cat-empfindlichkeit-juckreiz","8":"product_cat-empfindlichkeiten-und-rotungen","9":"product_cat-erste-falten-und-etablierte-falten","10":"product_cat-gesicht","11":"product_cat-haare","12":"product_cat-koerper","13":"product_cat-mangel-an-standhaftigkeit","14":"product_cat-mangel-an-standhaftigkeit-de","15":"product_cat-mein-haar-zum-leuchten-bringen","16":"product_cat-mein-sehr-trockenes-haar-naehren","17":"product_cat-meine-locken-und-wellen-neu-gestalten","18":"product_cat-pflanzliche-oele-de-2","19":"product_cat-pflanzliche-oele","20":"product_cat-pflanzliche-oele-de","21":"product_cat-trockner","22":"product_cat-volumen-mitbringen","24":"first","25":"instock","26":"taxable","27":"shipping-taxable","28":"purchasable","29":"product-type-simple"},"acf":[],"_links":{"self":[{"href":"https:\/\/haut-segala.com\/de\/wp-json\/wp\/v2\/product\/142561","targetHints":{"allow":["GET"]}}],"collection":[{"href":"https:\/\/haut-segala.com\/de\/wp-json\/wp\/v2\/product"}],"about":[{"href":"https:\/\/haut-segala.com\/de\/wp-json\/wp\/v2\/types\/product"}],"replies":[{"embeddable":true,"href":"https:\/\/haut-segala.com\/de\/wp-json\/wp\/v2\/comments?post=142561"}],"wp:featuredmedia":[{"embeddable":true,"href":"https:\/\/haut-segala.com\/de\/wp-json\/wp\/v2\/media\/135983"}],"wp:attachment":[{"href":"https:\/\/haut-segala.com\/de\/wp-json\/wp\/v2\/media?parent=142561"}],"wp:term":[{"taxonomy":"product_brand","embeddable":true,"href":"https:\/\/haut-segala.com\/de\/wp-json\/wp\/v2\/product_brand?post=142561"},{"taxonomy":"product_cat","embeddable":true,"href":"https:\/\/haut-segala.com\/de\/wp-json\/wp\/v2\/product_cat?post=142561"},{"taxonomy":"product_tag","embeddable":true,"href":"https:\/\/haut-segala.com\/de\/wp-json\/wp\/v2\/product_tag?post=142561"}],"curies":[{"name":"wp","href":"https:\/\/api.w.org\/{rel}","templated":true}]}}