{"id":142564,"date":"2022-06-27T15:55:10","date_gmt":"2022-06-27T13:55:10","guid":{"rendered":"https:\/\/haut-segala.com\/produit\/huile-de-calendula-certifiee-bio\/"},"modified":"2025-05-21T04:53:47","modified_gmt":"2025-05-21T02:53:47","slug":"huile-de-calendula-certifiee-bio","status":"publish","type":"product","link":"https:\/\/haut-segala.com\/de\/produit\/huile-de-calendula-certifiee-bio\/","title":{"rendered":"Ringelblumen\u00f6l aus kontrolliert biologischem Anbau"},"content":{"rendered":"","protected":false},"excerpt":{"rendered":"<p>Ringelblumen\u00f6l wird f\u00fcr die Pflege empfindlicher Haut empfohlen, es hilft, gesch\u00e4digte Epidermis zu regenerieren.<\/p>\n","protected":false},"featured_media":174444,"comment_status":"open","ping_status":"closed","template":"","meta":{"_acf_changed":false},"product_brand":[],"product_cat":[571,448,447,444,565,598,569,591,608,581],"product_tag":[],"class_list":{"0":"post-142564","1":"product","2":"type-product","3":"status-publish","4":"has-post-thumbnail","6":"product_cat-empfindlichkeit-juckreiz","7":"product_cat-empfindlichkeiten-und-rotungen","8":"product_cat-erste-falten-und-etablierte-falten","9":"product_cat-gesicht","10":"product_cat-koerper","11":"product_cat-mangel-an-standhaftigkeit-de","12":"product_cat-mangel-an-standhaftigkeit","13":"product_cat-pflanzliche-oele-de","14":"product_cat-pflanzliche-oele-de-2","15":"product_cat-pflanzliche-oele","17":"first","18":"instock","19":"taxable","20":"shipping-taxable","21":"purchasable","22":"product-type-simple"},"acf":[],"_links":{"self":[{"href":"https:\/\/haut-segala.com\/de\/wp-json\/wp\/v2\/product\/142564","targetHints":{"allow":["GET"]}}],"collection":[{"href":"https:\/\/haut-segala.com\/de\/wp-json\/wp\/v2\/product"}],"about":[{"href":"https:\/\/haut-segala.com\/de\/wp-json\/wp\/v2\/types\/product"}],"replies":[{"embeddable":true,"href":"https:\/\/haut-segala.com\/de\/wp-json\/wp\/v2\/comments?post=142564"}],"wp:featuredmedia":[{"embeddable":true,"href":"https:\/\/haut-segala.com\/de\/wp-json\/wp\/v2\/media\/174444"}],"wp:attachment":[{"href":"https:\/\/haut-segala.com\/de\/wp-json\/wp\/v2\/media?parent=142564"}],"wp:term":[{"taxonomy":"product_brand","embeddable":true,"href":"https:\/\/haut-segala.com\/de\/wp-json\/wp\/v2\/product_brand?post=142564"},{"taxonomy":"product_cat","embeddable":true,"href":"https:\/\/haut-segala.com\/de\/wp-json\/wp\/v2\/product_cat?post=142564"},{"taxonomy":"product_tag","embeddable":true,"href":"https:\/\/haut-segala.com\/de\/wp-json\/wp\/v2\/product_tag?post=142564"}],"curies":[{"name":"wp","href":"https:\/\/api.w.org\/{rel}","templated":true}]}}