{"id":142568,"date":"2022-06-27T15:55:00","date_gmt":"2022-06-27T13:55:00","guid":{"rendered":"https:\/\/haut-segala.com\/produit\/huile-de-calophylle-certifiee-bio\/"},"modified":"2025-05-07T00:02:17","modified_gmt":"2025-05-06T22:02:17","slug":"huile-de-calophylle-certifiee-bio","status":"publish","type":"product","link":"https:\/\/haut-segala.com\/de\/produit\/huile-de-calophylle-certifiee-bio\/","title":{"rendered":"Calophylle-\u00d6l aus kontrolliert biologischem Anbau"},"content":{"rendered":"","protected":false},"excerpt":{"rendered":"<p>Reich an beruhigenden Wirkstoffen ist Calophylle-\u00d6l ideal f\u00fcr die Pflege von straffer oder zu R\u00f6tungen neigender Haut. Es ist auch ein ideales Medium f\u00fcr die Zubereitung von Massage\u00f6len f\u00fcr &#8222;leichte Beine&#8220;.<\/p>\n<p>&nbsp;<\/p>\n","protected":false},"featured_media":205688,"comment_status":"open","ping_status":"closed","template":"","meta":{"_acf_changed":false},"product_brand":[],"product_cat":[448,447,444,597,565,569,598,608,591,603],"product_tag":[],"class_list":{"0":"post-142568","1":"product","2":"type-product","3":"status-publish","4":"has-post-thumbnail","6":"product_cat-empfindlichkeiten-und-rotungen","7":"product_cat-erste-falten-und-etablierte-falten","8":"product_cat-gesicht","9":"product_cat-imperfektionen","10":"product_cat-koerper","11":"product_cat-mangel-an-standhaftigkeit","12":"product_cat-mangel-an-standhaftigkeit-de","13":"product_cat-pflanzliche-oele-de-2","14":"product_cat-pflanzliche-oele-de","15":"product_cat-trockner","17":"first","18":"instock","19":"taxable","20":"shipping-taxable","21":"purchasable","22":"product-type-variable","23":"has-default-attributes"},"acf":[],"_links":{"self":[{"href":"https:\/\/haut-segala.com\/de\/wp-json\/wp\/v2\/product\/142568","targetHints":{"allow":["GET"]}}],"collection":[{"href":"https:\/\/haut-segala.com\/de\/wp-json\/wp\/v2\/product"}],"about":[{"href":"https:\/\/haut-segala.com\/de\/wp-json\/wp\/v2\/types\/product"}],"replies":[{"embeddable":true,"href":"https:\/\/haut-segala.com\/de\/wp-json\/wp\/v2\/comments?post=142568"}],"wp:featuredmedia":[{"embeddable":true,"href":"https:\/\/haut-segala.com\/de\/wp-json\/wp\/v2\/media\/205688"}],"wp:attachment":[{"href":"https:\/\/haut-segala.com\/de\/wp-json\/wp\/v2\/media?parent=142568"}],"wp:term":[{"taxonomy":"product_brand","embeddable":true,"href":"https:\/\/haut-segala.com\/de\/wp-json\/wp\/v2\/product_brand?post=142568"},{"taxonomy":"product_cat","embeddable":true,"href":"https:\/\/haut-segala.com\/de\/wp-json\/wp\/v2\/product_cat?post=142568"},{"taxonomy":"product_tag","embeddable":true,"href":"https:\/\/haut-segala.com\/de\/wp-json\/wp\/v2\/product_tag?post=142568"}],"curies":[{"name":"wp","href":"https:\/\/api.w.org\/{rel}","templated":true}]}}