{"id":142580,"date":"2022-06-27T15:55:18","date_gmt":"2022-06-27T13:55:18","guid":{"rendered":"https:\/\/haut-segala.com\/produit\/huile-de-carotte-certifiee-bio\/"},"modified":"2025-07-23T00:00:37","modified_gmt":"2025-07-22T22:00:37","slug":"huile-de-carotte-certifiee-bio","status":"publish","type":"product","link":"https:\/\/haut-segala.com\/de\/produit\/huile-de-carotte-certifiee-bio\/","title":{"rendered":"Bio-zertifiziertes Karotten\u00f6l"},"content":{"rendered":"","protected":false},"excerpt":{"rendered":"<p>Karottenmazerat enth\u00e4lt Provitamin A, das die Melaninproduktion f\u00f6rdert. Daher wird es vor Sonneneinstrahlung empfohlen, um die Br\u00e4unung zu erleichtern, und nach der Sonne, um die Regeneration der Epidermis zu verbessern.<\/p>\n","protected":false},"featured_media":174453,"comment_status":"open","ping_status":"closed","template":"","meta":{"_acf_changed":false},"product_brand":[],"product_cat":[568,572,447,570,446,444,597,565,581,591,608],"product_tag":[],"class_list":{"0":"post-142580","1":"product","2":"type-product","3":"status-publish","4":"has-post-thumbnail","6":"product_cat-dehydrierung","7":"product_cat-duerre","8":"product_cat-erste-falten-und-etablierte-falten","9":"product_cat-fahle-haut","10":"product_cat-teint-terne-visage-de","11":"product_cat-gesicht","12":"product_cat-imperfektionen","13":"product_cat-koerper","14":"product_cat-pflanzliche-oele","15":"product_cat-pflanzliche-oele-de","16":"product_cat-pflanzliche-oele-de-2","18":"first","19":"instock","20":"taxable","21":"shipping-taxable","22":"purchasable","23":"product-type-simple"},"acf":[],"_links":{"self":[{"href":"https:\/\/haut-segala.com\/de\/wp-json\/wp\/v2\/product\/142580","targetHints":{"allow":["GET"]}}],"collection":[{"href":"https:\/\/haut-segala.com\/de\/wp-json\/wp\/v2\/product"}],"about":[{"href":"https:\/\/haut-segala.com\/de\/wp-json\/wp\/v2\/types\/product"}],"replies":[{"embeddable":true,"href":"https:\/\/haut-segala.com\/de\/wp-json\/wp\/v2\/comments?post=142580"}],"wp:featuredmedia":[{"embeddable":true,"href":"https:\/\/haut-segala.com\/de\/wp-json\/wp\/v2\/media\/174453"}],"wp:attachment":[{"href":"https:\/\/haut-segala.com\/de\/wp-json\/wp\/v2\/media?parent=142580"}],"wp:term":[{"taxonomy":"product_brand","embeddable":true,"href":"https:\/\/haut-segala.com\/de\/wp-json\/wp\/v2\/product_brand?post=142580"},{"taxonomy":"product_cat","embeddable":true,"href":"https:\/\/haut-segala.com\/de\/wp-json\/wp\/v2\/product_cat?post=142580"},{"taxonomy":"product_tag","embeddable":true,"href":"https:\/\/haut-segala.com\/de\/wp-json\/wp\/v2\/product_tag?post=142580"}],"curies":[{"name":"wp","href":"https:\/\/api.w.org\/{rel}","templated":true}]}}