{"id":142609,"date":"2022-10-03T08:00:56","date_gmt":"2022-10-03T06:00:56","guid":{"rendered":"https:\/\/haut-segala.com\/produit\/huile-de-carthame-certifiee-bio\/"},"modified":"2026-02-04T00:20:04","modified_gmt":"2026-02-03T23:20:04","slug":"huile-de-carthame-certifiee-bio","status":"publish","type":"product","link":"https:\/\/haut-segala.com\/de\/produit\/huile-de-carthame-certifiee-bio\/","title":{"rendered":"Distel\u00f6l aus kontrolliert biologischem Anbau"},"content":{"rendered":"","protected":false},"excerpt":{"rendered":"<p>Reich an Omega 6, aber auch an den Vitaminen E und K, ist Saflor-Pflanzen\u00f6l ideal f\u00fcr reife, empfindliche und zu R\u00f6tungen neigende Haut.<\/p>\n","protected":false},"featured_media":136367,"comment_status":"open","ping_status":"closed","template":"","meta":{"_acf_changed":false},"product_brand":[],"product_cat":[550,568,596,572,571,448,447,444,548,563,565,557,591,608,581,603],"product_tag":[],"class_list":{"0":"post-142609","1":"product","2":"type-product","3":"status-publish","4":"has-post-thumbnail","6":"product_cat-das-wachstum-meiner-haare-beschleunigen","7":"product_cat-dehydrierung","8":"product_cat-dehydrierung-de","9":"product_cat-duerre","10":"product_cat-empfindlichkeit-juckreiz","11":"product_cat-empfindlichkeiten-und-rotungen","12":"product_cat-erste-falten-und-etablierte-falten","13":"product_cat-gesicht","14":"product_cat-haare","15":"product_cat-haarpflege","16":"product_cat-koerper","17":"product_cat-mein-sehr-trockenes-haar-naehren","18":"product_cat-pflanzliche-oele-de","19":"product_cat-pflanzliche-oele-de-2","20":"product_cat-pflanzliche-oele","21":"product_cat-trockner","23":"first","24":"instock","25":"taxable","26":"shipping-taxable","27":"purchasable","28":"product-type-simple"},"acf":[],"_links":{"self":[{"href":"https:\/\/haut-segala.com\/de\/wp-json\/wp\/v2\/product\/142609","targetHints":{"allow":["GET"]}}],"collection":[{"href":"https:\/\/haut-segala.com\/de\/wp-json\/wp\/v2\/product"}],"about":[{"href":"https:\/\/haut-segala.com\/de\/wp-json\/wp\/v2\/types\/product"}],"replies":[{"embeddable":true,"href":"https:\/\/haut-segala.com\/de\/wp-json\/wp\/v2\/comments?post=142609"}],"wp:featuredmedia":[{"embeddable":true,"href":"https:\/\/haut-segala.com\/de\/wp-json\/wp\/v2\/media\/136367"}],"wp:attachment":[{"href":"https:\/\/haut-segala.com\/de\/wp-json\/wp\/v2\/media?parent=142609"}],"wp:term":[{"taxonomy":"product_brand","embeddable":true,"href":"https:\/\/haut-segala.com\/de\/wp-json\/wp\/v2\/product_brand?post=142609"},{"taxonomy":"product_cat","embeddable":true,"href":"https:\/\/haut-segala.com\/de\/wp-json\/wp\/v2\/product_cat?post=142609"},{"taxonomy":"product_tag","embeddable":true,"href":"https:\/\/haut-segala.com\/de\/wp-json\/wp\/v2\/product_tag?post=142609"}],"curies":[{"name":"wp","href":"https:\/\/api.w.org\/{rel}","templated":true}]}}