{"id":142629,"date":"2022-06-27T15:55:47","date_gmt":"2022-06-27T13:55:47","guid":{"rendered":"https:\/\/haut-segala.com\/produit\/huile-de-fenugrec-certifiee-bio\/"},"modified":"2026-01-05T10:20:48","modified_gmt":"2026-01-05T09:20:48","slug":"huile-de-fenugrec-certifiee-bio","status":"publish","type":"product","link":"https:\/\/haut-segala.com\/de\/produit\/huile-de-fenugrec-certifiee-bio\/","title":{"rendered":"Bockshornklee\u00f6l aus kontrolliert biologischem Anbau"},"content":{"rendered":"","protected":false},"excerpt":{"rendered":"<p>Bekannt daf\u00fcr, das Haar zu st\u00e4rken und sein Wachstum zu stimulieren, wird Bockshornklee\u00f6l auch als Anti-Aging-Wirkstoff gesch\u00e4tzt und um die Rundung der Brust zu verbessern.<\/p>\n","protected":false},"featured_media":167080,"comment_status":"open","ping_status":"closed","template":"","meta":{"_acf_changed":false},"product_brand":[],"product_cat":[550,568,596,572,447,444,548,563,565,569,598,556,554,581,608,591,603,552],"product_tag":[],"class_list":{"0":"post-142629","1":"product","2":"type-product","3":"status-publish","4":"has-post-thumbnail","6":"product_cat-das-wachstum-meiner-haare-beschleunigen","7":"product_cat-dehydrierung","8":"product_cat-dehydrierung-de","9":"product_cat-duerre","10":"product_cat-erste-falten-und-etablierte-falten","11":"product_cat-gesicht","12":"product_cat-haare","13":"product_cat-haarpflege","14":"product_cat-koerper","15":"product_cat-mangel-an-standhaftigkeit","16":"product_cat-mangel-an-standhaftigkeit-de","17":"product_cat-mein-haar-zum-leuchten-bringen","18":"product_cat-meinen-haarausfall-bremsen","19":"product_cat-pflanzliche-oele","20":"product_cat-pflanzliche-oele-de-2","21":"product_cat-pflanzliche-oele-de","22":"product_cat-trockner","23":"product_cat-volumen-mitbringen","25":"first","26":"instock","27":"taxable","28":"shipping-taxable","29":"purchasable","30":"product-type-simple"},"acf":[],"_links":{"self":[{"href":"https:\/\/haut-segala.com\/de\/wp-json\/wp\/v2\/product\/142629","targetHints":{"allow":["GET"]}}],"collection":[{"href":"https:\/\/haut-segala.com\/de\/wp-json\/wp\/v2\/product"}],"about":[{"href":"https:\/\/haut-segala.com\/de\/wp-json\/wp\/v2\/types\/product"}],"replies":[{"embeddable":true,"href":"https:\/\/haut-segala.com\/de\/wp-json\/wp\/v2\/comments?post=142629"}],"wp:featuredmedia":[{"embeddable":true,"href":"https:\/\/haut-segala.com\/de\/wp-json\/wp\/v2\/media\/167080"}],"wp:attachment":[{"href":"https:\/\/haut-segala.com\/de\/wp-json\/wp\/v2\/media?parent=142629"}],"wp:term":[{"taxonomy":"product_brand","embeddable":true,"href":"https:\/\/haut-segala.com\/de\/wp-json\/wp\/v2\/product_brand?post=142629"},{"taxonomy":"product_cat","embeddable":true,"href":"https:\/\/haut-segala.com\/de\/wp-json\/wp\/v2\/product_cat?post=142629"},{"taxonomy":"product_tag","embeddable":true,"href":"https:\/\/haut-segala.com\/de\/wp-json\/wp\/v2\/product_tag?post=142629"}],"curies":[{"name":"wp","href":"https:\/\/api.w.org\/{rel}","templated":true}]}}