{"id":142669,"date":"2022-06-27T15:56:05","date_gmt":"2022-06-27T13:56:05","guid":{"rendered":"https:\/\/haut-segala.com\/?post_type=product&#038;p=142669"},"modified":"2026-02-04T00:20:03","modified_gmt":"2026-02-03T23:20:03","slug":"huile-de-grenade-certifiee-bio","status":"publish","type":"product","link":"https:\/\/haut-segala.com\/de\/produit\/huile-de-grenade-certifiee-bio\/","title":{"rendered":"Granatapfel\u00f6l aus kontrolliert biologischem Anbau"},"content":{"rendered":"","protected":false},"excerpt":{"rendered":"<p>Granatapfel\u00f6l ist bekannt f\u00fcr seine stark beruhigenden Eigenschaften. Es ist reich an Antioxidantien und bietet einen au\u00dfergew\u00f6hnlichen Schutz vor freien Radikalen, die f\u00fcr die Hautalterung verantwortlich sind.<\/p>\n","protected":false},"featured_media":135989,"comment_status":"open","ping_status":"closed","template":"","meta":{"_acf_changed":false},"product_brand":[],"product_cat":[596,568,572,571,448,447,444,548,563,560,556,608,591,603],"product_tag":[],"class_list":{"0":"post-142669","1":"product","2":"type-product","3":"status-publish","4":"has-post-thumbnail","6":"product_cat-dehydrierung-de","7":"product_cat-dehydrierung","8":"product_cat-duerre","9":"product_cat-empfindlichkeit-juckreiz","10":"product_cat-empfindlichkeiten-und-rotungen","11":"product_cat-erste-falten-und-etablierte-falten","12":"product_cat-gesicht","13":"product_cat-haare","14":"product_cat-haarpflege","15":"product_cat-mein-geschaedigtes-haar-reparieren","16":"product_cat-mein-haar-zum-leuchten-bringen","17":"product_cat-pflanzliche-oele-de-2","18":"product_cat-pflanzliche-oele-de","19":"product_cat-trockner","21":"first","22":"instock","23":"taxable","24":"shipping-taxable","25":"purchasable","26":"product-type-simple"},"acf":[],"_links":{"self":[{"href":"https:\/\/haut-segala.com\/de\/wp-json\/wp\/v2\/product\/142669","targetHints":{"allow":["GET"]}}],"collection":[{"href":"https:\/\/haut-segala.com\/de\/wp-json\/wp\/v2\/product"}],"about":[{"href":"https:\/\/haut-segala.com\/de\/wp-json\/wp\/v2\/types\/product"}],"replies":[{"embeddable":true,"href":"https:\/\/haut-segala.com\/de\/wp-json\/wp\/v2\/comments?post=142669"}],"wp:featuredmedia":[{"embeddable":true,"href":"https:\/\/haut-segala.com\/de\/wp-json\/wp\/v2\/media\/135989"}],"wp:attachment":[{"href":"https:\/\/haut-segala.com\/de\/wp-json\/wp\/v2\/media?parent=142669"}],"wp:term":[{"taxonomy":"product_brand","embeddable":true,"href":"https:\/\/haut-segala.com\/de\/wp-json\/wp\/v2\/product_brand?post=142669"},{"taxonomy":"product_cat","embeddable":true,"href":"https:\/\/haut-segala.com\/de\/wp-json\/wp\/v2\/product_cat?post=142669"},{"taxonomy":"product_tag","embeddable":true,"href":"https:\/\/haut-segala.com\/de\/wp-json\/wp\/v2\/product_tag?post=142669"}],"curies":[{"name":"wp","href":"https:\/\/api.w.org\/{rel}","templated":true}]}}