{"id":142677,"date":"2022-06-27T15:55:00","date_gmt":"2022-06-27T13:55:00","guid":{"rendered":"https:\/\/haut-segala.com\/produit\/huile-de-lys-blanc-certifiee-bio\/"},"modified":"2026-04-08T07:26:17","modified_gmt":"2026-04-08T05:26:17","slug":"huile-de-lys-blanc-certifiee-bio","status":"publish","type":"product","link":"https:\/\/haut-segala.com\/de\/produit\/huile-de-lys-blanc-certifiee-bio\/","title":{"rendered":"Bio-zertifiziertes wei\u00dfes Lilien\u00f6l"},"content":{"rendered":"","protected":false},"excerpt":{"rendered":"<p>Das \u00f6lige Mazerat der wei\u00dfen Lilie ist mit Wirkstoffen angereichert, die nat\u00fcrlicherweise in der Blume enthalten sind, um den Teint zu sch\u00fctzen und zu vereinheitlichen, und reduziert nach und nach Hautverf\u00e4rbungen wie braune Flecken.<\/p>\n","protected":false},"featured_media":203426,"comment_status":"open","ping_status":"closed","template":"","meta":{"_acf_changed":false},"product_brand":[],"product_cat":[568,572,571,448,447,570,446,444,565,608,581,591,599,573,603],"product_tag":[],"class_list":{"0":"post-142677","1":"product","2":"type-product","3":"status-publish","4":"has-post-thumbnail","6":"product_cat-dehydrierung","7":"product_cat-duerre","8":"product_cat-empfindlichkeit-juckreiz","9":"product_cat-empfindlichkeiten-und-rotungen","10":"product_cat-erste-falten-und-etablierte-falten","11":"product_cat-fahle-haut","12":"product_cat-teint-terne-visage-de","13":"product_cat-gesicht","14":"product_cat-koerper","15":"product_cat-pflanzliche-oele-de-2","16":"product_cat-pflanzliche-oele","17":"product_cat-pflanzliche-oele-de","18":"product_cat-pigmentflecken-aknenarben","19":"product_cat-pigmentflecken-schwangerschaftsmaske","20":"product_cat-trockner","22":"first","23":"instock","24":"taxable","25":"shipping-taxable","26":"purchasable","27":"product-type-simple"},"acf":[],"_links":{"self":[{"href":"https:\/\/haut-segala.com\/de\/wp-json\/wp\/v2\/product\/142677","targetHints":{"allow":["GET"]}}],"collection":[{"href":"https:\/\/haut-segala.com\/de\/wp-json\/wp\/v2\/product"}],"about":[{"href":"https:\/\/haut-segala.com\/de\/wp-json\/wp\/v2\/types\/product"}],"replies":[{"embeddable":true,"href":"https:\/\/haut-segala.com\/de\/wp-json\/wp\/v2\/comments?post=142677"}],"wp:featuredmedia":[{"embeddable":true,"href":"https:\/\/haut-segala.com\/de\/wp-json\/wp\/v2\/media\/203426"}],"wp:attachment":[{"href":"https:\/\/haut-segala.com\/de\/wp-json\/wp\/v2\/media?parent=142677"}],"wp:term":[{"taxonomy":"product_brand","embeddable":true,"href":"https:\/\/haut-segala.com\/de\/wp-json\/wp\/v2\/product_brand?post=142677"},{"taxonomy":"product_cat","embeddable":true,"href":"https:\/\/haut-segala.com\/de\/wp-json\/wp\/v2\/product_cat?post=142677"},{"taxonomy":"product_tag","embeddable":true,"href":"https:\/\/haut-segala.com\/de\/wp-json\/wp\/v2\/product_tag?post=142677"}],"curies":[{"name":"wp","href":"https:\/\/api.w.org\/{rel}","templated":true}]}}