{"id":142930,"date":"2022-06-27T15:55:10","date_gmt":"2022-06-27T13:55:10","guid":{"rendered":"https:\/\/haut-segala.com\/produit\/huile-de-germes-de-ble-naturelle\/"},"modified":"2025-12-13T16:51:35","modified_gmt":"2025-12-13T15:51:35","slug":"huile-de-germes-de-ble-naturelle","status":"publish","type":"product","link":"https:\/\/haut-segala.com\/de\/produit\/huile-de-germes-de-ble-naturelle\/","title":{"rendered":"Nat\u00fcrliches Weizenkeim\u00f6l"},"content":{"rendered":"","protected":false},"excerpt":{"rendered":"<p>Pflanzen\u00f6l aus Weizenkeimen wird f\u00fcr die Pflege von Haut, Haaren und N\u00e4geln gesch\u00e4tzt. Es ist n\u00e4hrend, regenerierend und beugt den Zeichen der Hautalterung vor.<\/p>\n","protected":false},"featured_media":135987,"comment_status":"open","ping_status":"closed","template":"","meta":{"_acf_changed":false},"product_brand":[],"product_cat":[574,596,568,572,571,448,447,444,548,563,565,598,569,557,555,554,581,608,591,603],"product_tag":[],"class_list":{"0":"post-142930","1":"product","2":"type-product","3":"status-publish","4":"has-post-thumbnail","6":"product_cat-dehnungsstreifen","7":"product_cat-dehydrierung-de","8":"product_cat-dehydrierung","9":"product_cat-duerre","10":"product_cat-empfindlichkeit-juckreiz","11":"product_cat-empfindlichkeiten-und-rotungen","12":"product_cat-erste-falten-und-etablierte-falten","13":"product_cat-gesicht","14":"product_cat-haare","15":"product_cat-haarpflege","16":"product_cat-koerper","17":"product_cat-mangel-an-standhaftigkeit-de","18":"product_cat-mangel-an-standhaftigkeit","19":"product_cat-mein-sehr-trockenes-haar-naehren","20":"product_cat-mein-trockenes-haar-mit-feuchtigkeit-versorgen","21":"product_cat-meinen-haarausfall-bremsen","22":"product_cat-pflanzliche-oele","23":"product_cat-pflanzliche-oele-de-2","24":"product_cat-pflanzliche-oele-de","25":"product_cat-trockner","27":"first","28":"instock","29":"taxable","30":"shipping-taxable","31":"purchasable","32":"product-type-simple"},"acf":[],"_links":{"self":[{"href":"https:\/\/haut-segala.com\/de\/wp-json\/wp\/v2\/product\/142930","targetHints":{"allow":["GET"]}}],"collection":[{"href":"https:\/\/haut-segala.com\/de\/wp-json\/wp\/v2\/product"}],"about":[{"href":"https:\/\/haut-segala.com\/de\/wp-json\/wp\/v2\/types\/product"}],"replies":[{"embeddable":true,"href":"https:\/\/haut-segala.com\/de\/wp-json\/wp\/v2\/comments?post=142930"}],"wp:featuredmedia":[{"embeddable":true,"href":"https:\/\/haut-segala.com\/de\/wp-json\/wp\/v2\/media\/135987"}],"wp:attachment":[{"href":"https:\/\/haut-segala.com\/de\/wp-json\/wp\/v2\/media?parent=142930"}],"wp:term":[{"taxonomy":"product_brand","embeddable":true,"href":"https:\/\/haut-segala.com\/de\/wp-json\/wp\/v2\/product_brand?post=142930"},{"taxonomy":"product_cat","embeddable":true,"href":"https:\/\/haut-segala.com\/de\/wp-json\/wp\/v2\/product_cat?post=142930"},{"taxonomy":"product_tag","embeddable":true,"href":"https:\/\/haut-segala.com\/de\/wp-json\/wp\/v2\/product_tag?post=142930"}],"curies":[{"name":"wp","href":"https:\/\/api.w.org\/{rel}","templated":true}]}}