{"id":142933,"date":"2022-06-27T15:55:10","date_gmt":"2022-06-27T13:55:10","guid":{"rendered":"https:\/\/haut-segala.com\/produit\/huile-de-macadamia-certifiee-bio\/"},"modified":"2025-05-07T00:01:07","modified_gmt":"2025-05-06T22:01:07","slug":"huile-de-macadamia-certifiee-bio","status":"publish","type":"product","link":"https:\/\/haut-segala.com\/de\/produit\/huile-de-macadamia-certifiee-bio\/","title":{"rendered":"Macadamia\u00f6l aus kontrolliert biologischem Anbau"},"content":{"rendered":"","protected":false},"excerpt":{"rendered":"<p>Pflegendes, sch\u00fctzendes und weichmachendes Macadamia-Pflanzen\u00f6l ist der perfekte Verb\u00fcndete f\u00fcr trockene Haut und trockenes Haar.<\/p>\n<p>&nbsp;<\/p>\n","protected":false},"featured_media":135995,"comment_status":"open","ping_status":"closed","template":"","meta":{"_acf_changed":false},"product_brand":[],"product_cat":[574,568,596,572,571,448,444,595,548,563,597,565,555,581,591,608,603],"product_tag":[],"class_list":{"0":"post-142933","1":"product","2":"type-product","3":"status-publish","4":"has-post-thumbnail","6":"product_cat-dehnungsstreifen","7":"product_cat-dehydrierung","8":"product_cat-dehydrierung-de","9":"product_cat-duerre","10":"product_cat-empfindlichkeit-juckreiz","11":"product_cat-empfindlichkeiten-und-rotungen","12":"product_cat-gesicht","13":"product_cat-glanz-und-vergroesserte-poren","14":"product_cat-haare","15":"product_cat-haarpflege","16":"product_cat-imperfektionen","17":"product_cat-koerper","18":"product_cat-mein-trockenes-haar-mit-feuchtigkeit-versorgen","19":"product_cat-pflanzliche-oele","20":"product_cat-pflanzliche-oele-de","21":"product_cat-pflanzliche-oele-de-2","22":"product_cat-trockner","24":"first","25":"instock","26":"taxable","27":"shipping-taxable","28":"purchasable","29":"product-type-simple"},"acf":[],"_links":{"self":[{"href":"https:\/\/haut-segala.com\/de\/wp-json\/wp\/v2\/product\/142933","targetHints":{"allow":["GET"]}}],"collection":[{"href":"https:\/\/haut-segala.com\/de\/wp-json\/wp\/v2\/product"}],"about":[{"href":"https:\/\/haut-segala.com\/de\/wp-json\/wp\/v2\/types\/product"}],"replies":[{"embeddable":true,"href":"https:\/\/haut-segala.com\/de\/wp-json\/wp\/v2\/comments?post=142933"}],"wp:featuredmedia":[{"embeddable":true,"href":"https:\/\/haut-segala.com\/de\/wp-json\/wp\/v2\/media\/135995"}],"wp:attachment":[{"href":"https:\/\/haut-segala.com\/de\/wp-json\/wp\/v2\/media?parent=142933"}],"wp:term":[{"taxonomy":"product_brand","embeddable":true,"href":"https:\/\/haut-segala.com\/de\/wp-json\/wp\/v2\/product_brand?post=142933"},{"taxonomy":"product_cat","embeddable":true,"href":"https:\/\/haut-segala.com\/de\/wp-json\/wp\/v2\/product_cat?post=142933"},{"taxonomy":"product_tag","embeddable":true,"href":"https:\/\/haut-segala.com\/de\/wp-json\/wp\/v2\/product_tag?post=142933"}],"curies":[{"name":"wp","href":"https:\/\/api.w.org\/{rel}","templated":true}]}}