{"id":142936,"date":"2022-06-27T15:55:10","date_gmt":"2022-06-27T13:55:10","guid":{"rendered":"https:\/\/haut-segala.com\/produit\/huile-de-millepertuis-certifiee-bio\/"},"modified":"2026-03-22T21:51:50","modified_gmt":"2026-03-22T20:51:50","slug":"huile-de-millepertuis-certifiee-bio","status":"publish","type":"product","link":"https:\/\/haut-segala.com\/de\/produit\/huile-de-millepertuis-certifiee-bio\/","title":{"rendered":"Johanniskraut\u00f6l aus kontrolliert biologischem Anbau"},"content":{"rendered":"","protected":false},"excerpt":{"rendered":"<p>Dieses Pflanzen\u00f6l ist der perfekte Verb\u00fcndete, um die Epidermis zu entlasten. Insektenstiche, l\u00e4ngere Sonneneinstrahlung, nichts kann dem widerstehen!<\/p>\n","protected":false},"featured_media":189895,"comment_status":"open","ping_status":"closed","template":"","meta":{"_acf_changed":false},"product_brand":[],"product_cat":[571,448,444,565,608,591],"product_tag":[],"class_list":{"0":"post-142936","1":"product","2":"type-product","3":"status-publish","4":"has-post-thumbnail","6":"product_cat-empfindlichkeit-juckreiz","7":"product_cat-empfindlichkeiten-und-rotungen","8":"product_cat-gesicht","9":"product_cat-koerper","10":"product_cat-pflanzliche-oele-de-2","11":"product_cat-pflanzliche-oele-de","13":"first","14":"instock","15":"taxable","16":"shipping-taxable","17":"purchasable","18":"product-type-simple"},"acf":[],"_links":{"self":[{"href":"https:\/\/haut-segala.com\/de\/wp-json\/wp\/v2\/product\/142936","targetHints":{"allow":["GET"]}}],"collection":[{"href":"https:\/\/haut-segala.com\/de\/wp-json\/wp\/v2\/product"}],"about":[{"href":"https:\/\/haut-segala.com\/de\/wp-json\/wp\/v2\/types\/product"}],"replies":[{"embeddable":true,"href":"https:\/\/haut-segala.com\/de\/wp-json\/wp\/v2\/comments?post=142936"}],"wp:featuredmedia":[{"embeddable":true,"href":"https:\/\/haut-segala.com\/de\/wp-json\/wp\/v2\/media\/189895"}],"wp:attachment":[{"href":"https:\/\/haut-segala.com\/de\/wp-json\/wp\/v2\/media?parent=142936"}],"wp:term":[{"taxonomy":"product_brand","embeddable":true,"href":"https:\/\/haut-segala.com\/de\/wp-json\/wp\/v2\/product_brand?post=142936"},{"taxonomy":"product_cat","embeddable":true,"href":"https:\/\/haut-segala.com\/de\/wp-json\/wp\/v2\/product_cat?post=142936"},{"taxonomy":"product_tag","embeddable":true,"href":"https:\/\/haut-segala.com\/de\/wp-json\/wp\/v2\/product_tag?post=142936"}],"curies":[{"name":"wp","href":"https:\/\/api.w.org\/{rel}","templated":true}]}}