{"id":142988,"date":"2022-06-27T15:54:40","date_gmt":"2022-06-27T13:54:40","guid":{"rendered":"https:\/\/haut-segala.com\/produit\/huile-de-monoi-de-tahiti-naturelle\/"},"modified":"2026-04-07T17:50:49","modified_gmt":"2026-04-07T15:50:49","slug":"huile-de-monoi-de-tahiti-naturelle","status":"publish","type":"product","link":"https:\/\/haut-segala.com\/de\/produit\/huile-de-monoi-de-tahiti-naturelle\/","title":{"rendered":"Nat\u00fcrliches Monoi-\u00d6l aus Tahiti"},"content":{"rendered":"","protected":false},"excerpt":{"rendered":"<p>Ein wahres polynesisches Sch\u00f6nheitsritual mit bet\u00f6rendem Duft, Mono\u00ef-\u00d6l mit gesch\u00fctzter Herkunftsbezeichnung \u201eMono\u00ef de Tahiti\u201c, versch\u00f6nert, parf\u00fcmiert und sch\u00fctzt Haut und Haar.<\/p>\n","protected":false},"featured_media":135999,"comment_status":"open","ping_status":"closed","template":"","meta":{"_acf_changed":false},"product_brand":[],"product_cat":[568,596,572,447,570,444,548,563,565,569,598,560,556,555,581,608,591,603],"product_tag":[],"class_list":{"0":"post-142988","1":"product","2":"type-product","3":"status-publish","4":"has-post-thumbnail","6":"product_cat-dehydrierung","7":"product_cat-dehydrierung-de","8":"product_cat-duerre","9":"product_cat-erste-falten-und-etablierte-falten","10":"product_cat-fahle-haut","11":"product_cat-gesicht","12":"product_cat-haare","13":"product_cat-haarpflege","14":"product_cat-koerper","15":"product_cat-mangel-an-standhaftigkeit","16":"product_cat-mangel-an-standhaftigkeit-de","17":"product_cat-mein-geschaedigtes-haar-reparieren","18":"product_cat-mein-haar-zum-leuchten-bringen","19":"product_cat-mein-trockenes-haar-mit-feuchtigkeit-versorgen","20":"product_cat-pflanzliche-oele","21":"product_cat-pflanzliche-oele-de-2","22":"product_cat-pflanzliche-oele-de","23":"product_cat-trockner","25":"first","26":"instock","27":"taxable","28":"shipping-taxable","29":"purchasable","30":"product-type-simple"},"acf":[],"_links":{"self":[{"href":"https:\/\/haut-segala.com\/de\/wp-json\/wp\/v2\/product\/142988","targetHints":{"allow":["GET"]}}],"collection":[{"href":"https:\/\/haut-segala.com\/de\/wp-json\/wp\/v2\/product"}],"about":[{"href":"https:\/\/haut-segala.com\/de\/wp-json\/wp\/v2\/types\/product"}],"replies":[{"embeddable":true,"href":"https:\/\/haut-segala.com\/de\/wp-json\/wp\/v2\/comments?post=142988"}],"wp:featuredmedia":[{"embeddable":true,"href":"https:\/\/haut-segala.com\/de\/wp-json\/wp\/v2\/media\/135999"}],"wp:attachment":[{"href":"https:\/\/haut-segala.com\/de\/wp-json\/wp\/v2\/media?parent=142988"}],"wp:term":[{"taxonomy":"product_brand","embeddable":true,"href":"https:\/\/haut-segala.com\/de\/wp-json\/wp\/v2\/product_brand?post=142988"},{"taxonomy":"product_cat","embeddable":true,"href":"https:\/\/haut-segala.com\/de\/wp-json\/wp\/v2\/product_cat?post=142988"},{"taxonomy":"product_tag","embeddable":true,"href":"https:\/\/haut-segala.com\/de\/wp-json\/wp\/v2\/product_tag?post=142988"}],"curies":[{"name":"wp","href":"https:\/\/api.w.org\/{rel}","templated":true}]}}