{"id":142991,"date":"2022-06-27T15:55:18","date_gmt":"2022-06-27T13:55:18","guid":{"rendered":"https:\/\/haut-segala.com\/produit\/huile-de-moutarde-certifiee-bio\/"},"modified":"2025-11-08T03:53:13","modified_gmt":"2025-11-08T02:53:13","slug":"huile-de-moutarde-certifiee-bio","status":"publish","type":"product","link":"https:\/\/haut-segala.com\/de\/produit\/huile-de-moutarde-certifiee-bio\/","title":{"rendered":"Senf\u00f6l aus kontrolliert biologischem Anbau"},"content":{"rendered":"","protected":false},"excerpt":{"rendered":"<p>Bio-Senf-Pflanzen\u00f6l ist daf\u00fcr bekannt, das Haarwachstum zu f\u00f6rdern und Haarausfall zu bek\u00e4mpfen.<\/p>\n","protected":false},"featured_media":203418,"comment_status":"open","ping_status":"closed","template":"","meta":{"_acf_changed":false},"product_brand":[],"product_cat":[550,548,563,565,554,581,591,553],"product_tag":[],"class_list":{"0":"post-142991","1":"product","2":"type-product","3":"status-publish","4":"has-post-thumbnail","6":"product_cat-das-wachstum-meiner-haare-beschleunigen","7":"product_cat-haare","8":"product_cat-haarpflege","9":"product_cat-koerper","10":"product_cat-meinen-haarausfall-bremsen","11":"product_cat-pflanzliche-oele","12":"product_cat-pflanzliche-oele-de","13":"product_cat-schuppen-entfernen","15":"first","16":"instock","17":"taxable","18":"shipping-taxable","19":"purchasable","20":"product-type-simple"},"acf":[],"_links":{"self":[{"href":"https:\/\/haut-segala.com\/de\/wp-json\/wp\/v2\/product\/142991","targetHints":{"allow":["GET"]}}],"collection":[{"href":"https:\/\/haut-segala.com\/de\/wp-json\/wp\/v2\/product"}],"about":[{"href":"https:\/\/haut-segala.com\/de\/wp-json\/wp\/v2\/types\/product"}],"replies":[{"embeddable":true,"href":"https:\/\/haut-segala.com\/de\/wp-json\/wp\/v2\/comments?post=142991"}],"wp:featuredmedia":[{"embeddable":true,"href":"https:\/\/haut-segala.com\/de\/wp-json\/wp\/v2\/media\/203418"}],"wp:attachment":[{"href":"https:\/\/haut-segala.com\/de\/wp-json\/wp\/v2\/media?parent=142991"}],"wp:term":[{"taxonomy":"product_brand","embeddable":true,"href":"https:\/\/haut-segala.com\/de\/wp-json\/wp\/v2\/product_brand?post=142991"},{"taxonomy":"product_cat","embeddable":true,"href":"https:\/\/haut-segala.com\/de\/wp-json\/wp\/v2\/product_cat?post=142991"},{"taxonomy":"product_tag","embeddable":true,"href":"https:\/\/haut-segala.com\/de\/wp-json\/wp\/v2\/product_tag?post=142991"}],"curies":[{"name":"wp","href":"https:\/\/api.w.org\/{rel}","templated":true}]}}