{"id":142994,"date":"2022-06-27T15:54:51","date_gmt":"2022-06-27T13:54:51","guid":{"rendered":"https:\/\/haut-segala.com\/produit\/huile-de-neem-certifiee-bio\/"},"modified":"2026-02-26T09:04:04","modified_gmt":"2026-02-26T08:04:04","slug":"huile-de-neem-certifiee-bio","status":"publish","type":"product","link":"https:\/\/haut-segala.com\/de\/produit\/huile-de-neem-certifiee-bio\/","title":{"rendered":"Bio-zertifiziertes Neem\u00f6l"},"content":{"rendered":"","protected":false},"excerpt":{"rendered":"<p>Neem-Pflanzen\u00f6l wird problematische Haut mit seinen reinigenden Eigenschaften erfreuen. Es wird auch als nat\u00fcrliches Abwehrmittel gegen L\u00e4use verwendet.<\/p>\n","protected":false},"featured_media":166989,"comment_status":"open","ping_status":"closed","template":"","meta":{"_acf_changed":false},"product_brand":[],"product_cat":[596,448,602,444,595,601,548,597,551,558,608,591],"product_tag":[],"class_list":{"0":"post-142994","1":"product","2":"type-product","3":"status-publish","4":"has-post-thumbnail","6":"product_cat-dehydrierung-de","7":"product_cat-empfindlichkeiten-und-rotungen","8":"product_cat-gemischt","9":"product_cat-gesicht","10":"product_cat-glanz-und-vergroesserte-poren","11":"product_cat-grasse","12":"product_cat-haare","13":"product_cat-imperfektionen","14":"product_cat-meine-empfindliche-kopfhaut-beruhigen","15":"product_cat-meine-fettige-kopfhaut-reinigen","16":"product_cat-pflanzliche-oele-de-2","17":"product_cat-pflanzliche-oele-de","19":"first","20":"instock","21":"taxable","22":"shipping-taxable","23":"purchasable","24":"product-type-simple"},"acf":[],"_links":{"self":[{"href":"https:\/\/haut-segala.com\/de\/wp-json\/wp\/v2\/product\/142994","targetHints":{"allow":["GET"]}}],"collection":[{"href":"https:\/\/haut-segala.com\/de\/wp-json\/wp\/v2\/product"}],"about":[{"href":"https:\/\/haut-segala.com\/de\/wp-json\/wp\/v2\/types\/product"}],"replies":[{"embeddable":true,"href":"https:\/\/haut-segala.com\/de\/wp-json\/wp\/v2\/comments?post=142994"}],"wp:featuredmedia":[{"embeddable":true,"href":"https:\/\/haut-segala.com\/de\/wp-json\/wp\/v2\/media\/166989"}],"wp:attachment":[{"href":"https:\/\/haut-segala.com\/de\/wp-json\/wp\/v2\/media?parent=142994"}],"wp:term":[{"taxonomy":"product_brand","embeddable":true,"href":"https:\/\/haut-segala.com\/de\/wp-json\/wp\/v2\/product_brand?post=142994"},{"taxonomy":"product_cat","embeddable":true,"href":"https:\/\/haut-segala.com\/de\/wp-json\/wp\/v2\/product_cat?post=142994"},{"taxonomy":"product_tag","embeddable":true,"href":"https:\/\/haut-segala.com\/de\/wp-json\/wp\/v2\/product_tag?post=142994"}],"curies":[{"name":"wp","href":"https:\/\/api.w.org\/{rel}","templated":true}]}}