{"id":143005,"date":"2022-06-27T15:55:00","date_gmt":"2022-06-27T13:55:00","guid":{"rendered":"https:\/\/haut-segala.com\/produit\/huile-de-paquerette-certifiee-bio\/"},"modified":"2025-05-07T00:01:48","modified_gmt":"2025-05-06T22:01:48","slug":"huile-de-paquerette-certifiee-bio","status":"publish","type":"product","link":"https:\/\/haut-segala.com\/de\/produit\/huile-de-paquerette-certifiee-bio\/","title":{"rendered":"G\u00e4nsebl\u00fcmchen\u00f6l aus kontrolliert biologischem Anbau"},"content":{"rendered":"","protected":false},"excerpt":{"rendered":"<p>Bio-G\u00e4nsebl\u00fcmchen-Pflanzen\u00f6l ist ideal zur Pflege von Gesicht und Busen sowie anderen zu Erschlaffung neigenden K\u00f6rperpartien.<\/p>\n","protected":false},"featured_media":166947,"comment_status":"open","ping_status":"closed","template":"","meta":{"_acf_changed":false},"product_brand":[],"product_cat":[574,571,448,447,444,565,569,598,608,581,591,603],"product_tag":[],"class_list":{"0":"post-143005","1":"product","2":"type-product","3":"status-publish","4":"has-post-thumbnail","6":"product_cat-dehnungsstreifen","7":"product_cat-empfindlichkeit-juckreiz","8":"product_cat-empfindlichkeiten-und-rotungen","9":"product_cat-erste-falten-und-etablierte-falten","10":"product_cat-gesicht","11":"product_cat-koerper","12":"product_cat-mangel-an-standhaftigkeit","13":"product_cat-mangel-an-standhaftigkeit-de","14":"product_cat-pflanzliche-oele-de-2","15":"product_cat-pflanzliche-oele","16":"product_cat-pflanzliche-oele-de","17":"product_cat-trockner","19":"first","20":"instock","21":"taxable","22":"shipping-taxable","23":"purchasable","24":"product-type-simple"},"acf":[],"_links":{"self":[{"href":"https:\/\/haut-segala.com\/de\/wp-json\/wp\/v2\/product\/143005","targetHints":{"allow":["GET"]}}],"collection":[{"href":"https:\/\/haut-segala.com\/de\/wp-json\/wp\/v2\/product"}],"about":[{"href":"https:\/\/haut-segala.com\/de\/wp-json\/wp\/v2\/types\/product"}],"replies":[{"embeddable":true,"href":"https:\/\/haut-segala.com\/de\/wp-json\/wp\/v2\/comments?post=143005"}],"wp:featuredmedia":[{"embeddable":true,"href":"https:\/\/haut-segala.com\/de\/wp-json\/wp\/v2\/media\/166947"}],"wp:attachment":[{"href":"https:\/\/haut-segala.com\/de\/wp-json\/wp\/v2\/media?parent=143005"}],"wp:term":[{"taxonomy":"product_brand","embeddable":true,"href":"https:\/\/haut-segala.com\/de\/wp-json\/wp\/v2\/product_brand?post=143005"},{"taxonomy":"product_cat","embeddable":true,"href":"https:\/\/haut-segala.com\/de\/wp-json\/wp\/v2\/product_cat?post=143005"},{"taxonomy":"product_tag","embeddable":true,"href":"https:\/\/haut-segala.com\/de\/wp-json\/wp\/v2\/product_tag?post=143005"}],"curies":[{"name":"wp","href":"https:\/\/api.w.org\/{rel}","templated":true}]}}