{"id":143008,"date":"2022-06-27T15:55:10","date_gmt":"2022-06-27T13:55:10","guid":{"rendered":"https:\/\/haut-segala.com\/produit\/huile-de-pepins-de-raisin-certifiee-bio\/"},"modified":"2026-03-23T06:03:32","modified_gmt":"2026-03-23T05:03:32","slug":"huile-de-pepins-de-raisin-certifiee-bio","status":"publish","type":"product","link":"https:\/\/haut-segala.com\/de\/produit\/huile-de-pepins-de-raisin-certifiee-bio\/","title":{"rendered":"Bio-zertifiziertes Traubenkern\u00f6l"},"content":{"rendered":"","protected":false},"excerpt":{"rendered":"<p>Bio-Traubenkern-Pflanzen\u00f6l n\u00e4hrt die Haut dank seiner weichmachenden und regenerierenden Eigenschaften tief.<\/p>\n","protected":false},"featured_media":203414,"comment_status":"open","ping_status":"closed","template":"","meta":{"_acf_changed":false},"product_brand":[],"product_cat":[596,568,572,447,602,444,595,601,548,563,597,565,557,591,608],"product_tag":[],"class_list":{"0":"post-143008","1":"product","2":"type-product","3":"status-publish","4":"has-post-thumbnail","6":"product_cat-dehydrierung-de","7":"product_cat-dehydrierung","8":"product_cat-duerre","9":"product_cat-erste-falten-und-etablierte-falten","10":"product_cat-gemischt","11":"product_cat-gesicht","12":"product_cat-glanz-und-vergroesserte-poren","13":"product_cat-grasse","14":"product_cat-haare","15":"product_cat-haarpflege","16":"product_cat-imperfektionen","17":"product_cat-koerper","18":"product_cat-mein-sehr-trockenes-haar-naehren","19":"product_cat-pflanzliche-oele-de","20":"product_cat-pflanzliche-oele-de-2","22":"first","23":"instock","24":"sale","25":"taxable","26":"shipping-taxable","27":"purchasable","28":"product-type-simple"},"acf":[],"_links":{"self":[{"href":"https:\/\/haut-segala.com\/de\/wp-json\/wp\/v2\/product\/143008","targetHints":{"allow":["GET"]}}],"collection":[{"href":"https:\/\/haut-segala.com\/de\/wp-json\/wp\/v2\/product"}],"about":[{"href":"https:\/\/haut-segala.com\/de\/wp-json\/wp\/v2\/types\/product"}],"replies":[{"embeddable":true,"href":"https:\/\/haut-segala.com\/de\/wp-json\/wp\/v2\/comments?post=143008"}],"wp:featuredmedia":[{"embeddable":true,"href":"https:\/\/haut-segala.com\/de\/wp-json\/wp\/v2\/media\/203414"}],"wp:attachment":[{"href":"https:\/\/haut-segala.com\/de\/wp-json\/wp\/v2\/media?parent=143008"}],"wp:term":[{"taxonomy":"product_brand","embeddable":true,"href":"https:\/\/haut-segala.com\/de\/wp-json\/wp\/v2\/product_brand?post=143008"},{"taxonomy":"product_cat","embeddable":true,"href":"https:\/\/haut-segala.com\/de\/wp-json\/wp\/v2\/product_cat?post=143008"},{"taxonomy":"product_tag","embeddable":true,"href":"https:\/\/haut-segala.com\/de\/wp-json\/wp\/v2\/product_tag?post=143008"}],"curies":[{"name":"wp","href":"https:\/\/api.w.org\/{rel}","templated":true}]}}