{"id":143014,"date":"2022-06-27T15:55:00","date_gmt":"2022-06-27T13:55:00","guid":{"rendered":"https:\/\/haut-segala.com\/produit\/huile-de-ricin-certifiee-bio\/"},"modified":"2026-04-04T17:51:34","modified_gmt":"2026-04-04T15:51:34","slug":"huile-de-ricin-certifiee-bio","status":"publish","type":"product","link":"https:\/\/haut-segala.com\/de\/produit\/huile-de-ricin-certifiee-bio\/","title":{"rendered":"Zertifiziertes Bio-Rizinus\u00f6l"},"content":{"rendered":"","protected":false},"excerpt":{"rendered":"<p>L&#8217;huile v\u00e9g\u00e9tale de ricin biologique est traditionnellement utilis\u00e9e pour accentuer la croissance et la souplesse des cheveux, des cils et des ongles.<\/p>\n","protected":false},"featured_media":175375,"comment_status":"open","ping_status":"closed","template":"","meta":{"_acf_changed":false},"product_brand":[],"product_cat":[550,572,444,548,565,555,554,608,581,591,599,573],"product_tag":[462,479,475,532],"class_list":{"0":"post-143014","1":"product","2":"type-product","3":"status-publish","4":"has-post-thumbnail","6":"product_cat-das-wachstum-meiner-haare-beschleunigen","7":"product_cat-duerre","8":"product_cat-gesicht","9":"product_cat-haare","10":"product_cat-koerper","11":"product_cat-mein-trockenes-haar-mit-feuchtigkeit-versorgen","12":"product_cat-meinen-haarausfall-bremsen","13":"product_cat-pflanzliche-oele-de-2","14":"product_cat-pflanzliche-oele","15":"product_cat-pflanzliche-oele-de","16":"product_cat-pigmentflecken-aknenarben","17":"product_cat-pigmentflecken-schwangerschaftsmaske","18":"product_tag-haare","19":"product_tag-ol-fettiger-griff","20":"product_tag-starkungsmittel","21":"product_tag-tages-und-nachtpflege","23":"first","24":"instock","25":"taxable","26":"shipping-taxable","27":"purchasable","28":"product-type-variable","29":"has-default-attributes"},"acf":[],"_links":{"self":[{"href":"https:\/\/haut-segala.com\/de\/wp-json\/wp\/v2\/product\/143014","targetHints":{"allow":["GET"]}}],"collection":[{"href":"https:\/\/haut-segala.com\/de\/wp-json\/wp\/v2\/product"}],"about":[{"href":"https:\/\/haut-segala.com\/de\/wp-json\/wp\/v2\/types\/product"}],"replies":[{"embeddable":true,"href":"https:\/\/haut-segala.com\/de\/wp-json\/wp\/v2\/comments?post=143014"}],"wp:featuredmedia":[{"embeddable":true,"href":"https:\/\/haut-segala.com\/de\/wp-json\/wp\/v2\/media\/175375"}],"wp:attachment":[{"href":"https:\/\/haut-segala.com\/de\/wp-json\/wp\/v2\/media?parent=143014"}],"wp:term":[{"taxonomy":"product_brand","embeddable":true,"href":"https:\/\/haut-segala.com\/de\/wp-json\/wp\/v2\/product_brand?post=143014"},{"taxonomy":"product_cat","embeddable":true,"href":"https:\/\/haut-segala.com\/de\/wp-json\/wp\/v2\/product_cat?post=143014"},{"taxonomy":"product_tag","embeddable":true,"href":"https:\/\/haut-segala.com\/de\/wp-json\/wp\/v2\/product_tag?post=143014"}],"curies":[{"name":"wp","href":"https:\/\/api.w.org\/{rel}","templated":true}]}}