{"id":143019,"date":"2022-06-27T15:55:18","date_gmt":"2022-06-27T13:55:18","guid":{"rendered":"https:\/\/haut-segala.com\/produit\/huile-de-rosier-musque-certifiee-bio\/"},"modified":"2026-04-13T12:18:31","modified_gmt":"2026-04-13T10:18:31","slug":"huile-de-rosier-musque-certifiee-bio","status":"publish","type":"product","link":"https:\/\/haut-segala.com\/de\/produit\/huile-de-rosier-musque-certifiee-bio\/","title":{"rendered":"Zertifiziertes Bio-Hagebutten\u00f6l"},"content":{"rendered":"","protected":false},"excerpt":{"rendered":"<p>Moschusrosen\u00f6l wird empfohlen, um die Hautregeneration zu f\u00f6rdern, die durch das Vorhandensein mehrfach unges\u00e4ttigter essentieller Fetts\u00e4uren gew\u00e4hrleistet wird.<\/p>\n","protected":false},"featured_media":194069,"comment_status":"open","ping_status":"closed","template":"","meta":{"_acf_changed":false},"product_brand":[],"product_cat":[574,596,572,447,444,565,581,608,591,599,573,603],"product_tag":[],"class_list":{"0":"post-143019","1":"product","2":"type-product","3":"status-publish","4":"has-post-thumbnail","6":"product_cat-dehnungsstreifen","7":"product_cat-dehydrierung-de","8":"product_cat-duerre","9":"product_cat-erste-falten-und-etablierte-falten","10":"product_cat-gesicht","11":"product_cat-koerper","12":"product_cat-pflanzliche-oele","13":"product_cat-pflanzliche-oele-de-2","14":"product_cat-pflanzliche-oele-de","15":"product_cat-pigmentflecken-aknenarben","16":"product_cat-pigmentflecken-schwangerschaftsmaske","17":"product_cat-trockner","19":"first","20":"instock","21":"taxable","22":"shipping-taxable","23":"purchasable","24":"product-type-variable","25":"has-default-attributes"},"acf":[],"_links":{"self":[{"href":"https:\/\/haut-segala.com\/de\/wp-json\/wp\/v2\/product\/143019","targetHints":{"allow":["GET"]}}],"collection":[{"href":"https:\/\/haut-segala.com\/de\/wp-json\/wp\/v2\/product"}],"about":[{"href":"https:\/\/haut-segala.com\/de\/wp-json\/wp\/v2\/types\/product"}],"replies":[{"embeddable":true,"href":"https:\/\/haut-segala.com\/de\/wp-json\/wp\/v2\/comments?post=143019"}],"wp:featuredmedia":[{"embeddable":true,"href":"https:\/\/haut-segala.com\/de\/wp-json\/wp\/v2\/media\/194069"}],"wp:attachment":[{"href":"https:\/\/haut-segala.com\/de\/wp-json\/wp\/v2\/media?parent=143019"}],"wp:term":[{"taxonomy":"product_brand","embeddable":true,"href":"https:\/\/haut-segala.com\/de\/wp-json\/wp\/v2\/product_brand?post=143019"},{"taxonomy":"product_cat","embeddable":true,"href":"https:\/\/haut-segala.com\/de\/wp-json\/wp\/v2\/product_cat?post=143019"},{"taxonomy":"product_tag","embeddable":true,"href":"https:\/\/haut-segala.com\/de\/wp-json\/wp\/v2\/product_tag?post=143019"}],"curies":[{"name":"wp","href":"https:\/\/api.w.org\/{rel}","templated":true}]}}