{"id":143024,"date":"2022-06-27T15:55:10","date_gmt":"2022-06-27T13:55:10","guid":{"rendered":"https:\/\/haut-segala.com\/produit\/huile-de-sesame-certifiee-bio\/"},"modified":"2025-07-06T04:52:26","modified_gmt":"2025-07-06T02:52:26","slug":"huile-de-sesame-certifiee-bio","status":"publish","type":"product","link":"https:\/\/haut-segala.com\/de\/produit\/huile-de-sesame-certifiee-bio\/","title":{"rendered":"Sesam\u00f6l aus kontrolliert biologischem Anbau"},"content":{"rendered":"","protected":false},"excerpt":{"rendered":"<p>Bio-Sesam-Pflanzen\u00f6l ist f\u00fcr seine unbestreitbaren regenerierenden, restrukturierenden, n\u00e4hrenden und antioxidativen Eigenschaften bekannt.<\/p>\n","protected":false},"featured_media":198655,"comment_status":"open","ping_status":"closed","template":"","meta":{"_acf_changed":false},"product_brand":[],"product_cat":[596,571,447,444,548,565,557,551,608,581,591,599,573,553],"product_tag":[],"class_list":{"0":"post-143024","1":"product","2":"type-product","3":"status-publish","4":"has-post-thumbnail","6":"product_cat-dehydrierung-de","7":"product_cat-empfindlichkeit-juckreiz","8":"product_cat-erste-falten-und-etablierte-falten","9":"product_cat-gesicht","10":"product_cat-haare","11":"product_cat-koerper","12":"product_cat-mein-sehr-trockenes-haar-naehren","13":"product_cat-meine-empfindliche-kopfhaut-beruhigen","14":"product_cat-pflanzliche-oele-de-2","15":"product_cat-pflanzliche-oele","16":"product_cat-pflanzliche-oele-de","17":"product_cat-pigmentflecken-aknenarben","18":"product_cat-pigmentflecken-schwangerschaftsmaske","19":"product_cat-schuppen-entfernen","21":"first","22":"instock","23":"taxable","24":"shipping-taxable","25":"purchasable","26":"product-type-simple"},"acf":[],"_links":{"self":[{"href":"https:\/\/haut-segala.com\/de\/wp-json\/wp\/v2\/product\/143024","targetHints":{"allow":["GET"]}}],"collection":[{"href":"https:\/\/haut-segala.com\/de\/wp-json\/wp\/v2\/product"}],"about":[{"href":"https:\/\/haut-segala.com\/de\/wp-json\/wp\/v2\/types\/product"}],"replies":[{"embeddable":true,"href":"https:\/\/haut-segala.com\/de\/wp-json\/wp\/v2\/comments?post=143024"}],"wp:featuredmedia":[{"embeddable":true,"href":"https:\/\/haut-segala.com\/de\/wp-json\/wp\/v2\/media\/198655"}],"wp:attachment":[{"href":"https:\/\/haut-segala.com\/de\/wp-json\/wp\/v2\/media?parent=143024"}],"wp:term":[{"taxonomy":"product_brand","embeddable":true,"href":"https:\/\/haut-segala.com\/de\/wp-json\/wp\/v2\/product_brand?post=143024"},{"taxonomy":"product_cat","embeddable":true,"href":"https:\/\/haut-segala.com\/de\/wp-json\/wp\/v2\/product_cat?post=143024"},{"taxonomy":"product_tag","embeddable":true,"href":"https:\/\/haut-segala.com\/de\/wp-json\/wp\/v2\/product_tag?post=143024"}],"curies":[{"name":"wp","href":"https:\/\/api.w.org\/{rel}","templated":true}]}}