{"id":143593,"date":"2022-06-27T15:55:56","date_gmt":"2022-06-27T13:55:56","guid":{"rendered":"https:\/\/haut-segala.com\/produit\/huile-demaquillante-certifiee-bio\/"},"modified":"2026-05-04T17:51:19","modified_gmt":"2026-05-04T15:51:19","slug":"huile-demaquillante-certifiee-bio","status":"publish","type":"product","link":"https:\/\/haut-segala.com\/de\/produit\/huile-demaquillante-certifiee-bio\/","title":{"rendered":"Zertifiziertes Bio-Reinigungs\u00f6l"},"content":{"rendered":"","protected":false},"excerpt":{"rendered":"<p>Reinigungs\u00f6l ist ein Komplex aus biologischen Pflanzen\u00f6len, der Gesichts- und Augen-Make-up aufl\u00f6st, ohne einen Fettfilm zu hinterlassen.<\/p>\n","protected":false},"featured_media":135337,"comment_status":"open","ping_status":"closed","template":"","meta":{"_acf_changed":false},"product_brand":[],"product_cat":[444,606,586,593,609],"product_tag":[],"class_list":{"0":"post-143593","1":"product","2":"type-product","3":"status-publish","4":"has-post-thumbnail","6":"product_cat-gesicht","7":"product_cat-make-up-entferner","8":"product_cat-oelkomplexe","9":"product_cat-reduzierte-preise","10":"product_cat-reinigungsmittel","12":"first","13":"instock","14":"sale","15":"taxable","16":"shipping-taxable","17":"purchasable","18":"product-type-simple"},"acf":[],"_links":{"self":[{"href":"https:\/\/haut-segala.com\/de\/wp-json\/wp\/v2\/product\/143593","targetHints":{"allow":["GET"]}}],"collection":[{"href":"https:\/\/haut-segala.com\/de\/wp-json\/wp\/v2\/product"}],"about":[{"href":"https:\/\/haut-segala.com\/de\/wp-json\/wp\/v2\/types\/product"}],"replies":[{"embeddable":true,"href":"https:\/\/haut-segala.com\/de\/wp-json\/wp\/v2\/comments?post=143593"}],"wp:featuredmedia":[{"embeddable":true,"href":"https:\/\/haut-segala.com\/de\/wp-json\/wp\/v2\/media\/135337"}],"wp:attachment":[{"href":"https:\/\/haut-segala.com\/de\/wp-json\/wp\/v2\/media?parent=143593"}],"wp:term":[{"taxonomy":"product_brand","embeddable":true,"href":"https:\/\/haut-segala.com\/de\/wp-json\/wp\/v2\/product_brand?post=143593"},{"taxonomy":"product_cat","embeddable":true,"href":"https:\/\/haut-segala.com\/de\/wp-json\/wp\/v2\/product_cat?post=143593"},{"taxonomy":"product_tag","embeddable":true,"href":"https:\/\/haut-segala.com\/de\/wp-json\/wp\/v2\/product_tag?post=143593"}],"curies":[{"name":"wp","href":"https:\/\/api.w.org\/{rel}","templated":true}]}}