{"id":143617,"date":"2023-01-04T14:10:55","date_gmt":"2023-01-04T13:10:55","guid":{"rendered":"https:\/\/haut-segala.com\/produit\/huile-musculaire-certifiee-bio\/"},"modified":"2026-04-06T12:16:41","modified_gmt":"2026-04-06T10:16:41","slug":"huile-musculaire-certifiee-bio","status":"publish","type":"product","link":"https:\/\/haut-segala.com\/de\/produit\/huile-musculaire-certifiee-bio\/","title":{"rendered":"ZERTIFIZIERTES ORGANISCHES CBD-MUSKELRELAX-MASSAGE\u00d6L"},"content":{"rendered":"","protected":false},"excerpt":{"rendered":"<p>Dieses Massage\u00f6l wird nach einer Anstrengung verwendet, um zu entspannen, zu erweichen und Spannungen zu vermeiden. Genie\u00dfen Sie alle Vorteile von CBD in einem konzentrierten Massage\u00f6l 100 % nat\u00fcrlichen Ursprungs!<\/p>\n","protected":false},"featured_media":136728,"comment_status":"open","ping_status":"closed","template":"","meta":{"_acf_changed":false},"product_brand":[],"product_cat":[565,580,577,586],"product_tag":[],"class_list":{"0":"post-143617","1":"product","2":"type-product","3":"status-publish","4":"has-post-thumbnail","6":"product_cat-koerper","7":"product_cat-massageoel","8":"product_cat-oeliger-komplex","9":"product_cat-oelkomplexe","11":"first","12":"instock","13":"taxable","14":"shipping-taxable","15":"purchasable","16":"product-type-simple"},"acf":[],"_links":{"self":[{"href":"https:\/\/haut-segala.com\/de\/wp-json\/wp\/v2\/product\/143617","targetHints":{"allow":["GET"]}}],"collection":[{"href":"https:\/\/haut-segala.com\/de\/wp-json\/wp\/v2\/product"}],"about":[{"href":"https:\/\/haut-segala.com\/de\/wp-json\/wp\/v2\/types\/product"}],"replies":[{"embeddable":true,"href":"https:\/\/haut-segala.com\/de\/wp-json\/wp\/v2\/comments?post=143617"}],"wp:featuredmedia":[{"embeddable":true,"href":"https:\/\/haut-segala.com\/de\/wp-json\/wp\/v2\/media\/136728"}],"wp:attachment":[{"href":"https:\/\/haut-segala.com\/de\/wp-json\/wp\/v2\/media?parent=143617"}],"wp:term":[{"taxonomy":"product_brand","embeddable":true,"href":"https:\/\/haut-segala.com\/de\/wp-json\/wp\/v2\/product_brand?post=143617"},{"taxonomy":"product_cat","embeddable":true,"href":"https:\/\/haut-segala.com\/de\/wp-json\/wp\/v2\/product_cat?post=143617"},{"taxonomy":"product_tag","embeddable":true,"href":"https:\/\/haut-segala.com\/de\/wp-json\/wp\/v2\/product_tag?post=143617"}],"curies":[{"name":"wp","href":"https:\/\/api.w.org\/{rel}","templated":true}]}}