{"id":143620,"date":"2022-06-27T15:55:18","date_gmt":"2022-06-27T13:55:18","guid":{"rendered":"https:\/\/haut-segala.com\/produit\/huile-donagre-certifiee-bio\/"},"modified":"2026-02-04T00:19:58","modified_gmt":"2026-02-03T23:19:58","slug":"huile-donagre-certifiee-bio","status":"publish","type":"product","link":"https:\/\/haut-segala.com\/de\/produit\/huile-donagre-certifiee-bio\/","title":{"rendered":"Nachtkerzen\u00f6l aus kontrolliert biologischem Anbau"},"content":{"rendered":"","protected":false},"excerpt":{"rendered":"<p>Echte Jugendpflege f\u00fcr devitalisierte, faltige oder m\u00fcde Haut, Nachtkerzen-Pflanzen\u00f6l hilft gegen die Zeichen der Hautalterung und stellt die Geschmeidigkeit der Epidermis wieder her.<\/p>\n","protected":false},"featured_media":174448,"comment_status":"open","ping_status":"closed","template":"","meta":{"_acf_changed":false},"product_brand":[],"product_cat":[568,596,572,571,447,444,548,563,565,598,569,557,581,608,591,603],"product_tag":[],"class_list":{"0":"post-143620","1":"product","2":"type-product","3":"status-publish","4":"has-post-thumbnail","6":"product_cat-dehydrierung","7":"product_cat-dehydrierung-de","8":"product_cat-duerre","9":"product_cat-empfindlichkeit-juckreiz","10":"product_cat-erste-falten-und-etablierte-falten","11":"product_cat-gesicht","12":"product_cat-haare","13":"product_cat-haarpflege","14":"product_cat-koerper","15":"product_cat-mangel-an-standhaftigkeit-de","16":"product_cat-mangel-an-standhaftigkeit","17":"product_cat-mein-sehr-trockenes-haar-naehren","18":"product_cat-pflanzliche-oele","19":"product_cat-pflanzliche-oele-de-2","20":"product_cat-pflanzliche-oele-de","21":"product_cat-trockner","23":"first","24":"instock","25":"taxable","26":"shipping-taxable","27":"purchasable","28":"product-type-simple"},"acf":[],"_links":{"self":[{"href":"https:\/\/haut-segala.com\/de\/wp-json\/wp\/v2\/product\/143620","targetHints":{"allow":["GET"]}}],"collection":[{"href":"https:\/\/haut-segala.com\/de\/wp-json\/wp\/v2\/product"}],"about":[{"href":"https:\/\/haut-segala.com\/de\/wp-json\/wp\/v2\/types\/product"}],"replies":[{"embeddable":true,"href":"https:\/\/haut-segala.com\/de\/wp-json\/wp\/v2\/comments?post=143620"}],"wp:featuredmedia":[{"embeddable":true,"href":"https:\/\/haut-segala.com\/de\/wp-json\/wp\/v2\/media\/174448"}],"wp:attachment":[{"href":"https:\/\/haut-segala.com\/de\/wp-json\/wp\/v2\/media?parent=143620"}],"wp:term":[{"taxonomy":"product_brand","embeddable":true,"href":"https:\/\/haut-segala.com\/de\/wp-json\/wp\/v2\/product_brand?post=143620"},{"taxonomy":"product_cat","embeddable":true,"href":"https:\/\/haut-segala.com\/de\/wp-json\/wp\/v2\/product_cat?post=143620"},{"taxonomy":"product_tag","embeddable":true,"href":"https:\/\/haut-segala.com\/de\/wp-json\/wp\/v2\/product_tag?post=143620"}],"curies":[{"name":"wp","href":"https:\/\/api.w.org\/{rel}","templated":true}]}}