{"id":143623,"date":"2022-06-27T15:55:56","date_gmt":"2022-06-27T13:55:56","guid":{"rendered":"https:\/\/haut-segala.com\/produit\/huile-fantastique-naturelle\/"},"modified":"2026-03-29T17:51:32","modified_gmt":"2026-03-29T15:51:32","slug":"huile-fantastique-naturelle","status":"publish","type":"product","link":"https:\/\/haut-segala.com\/de\/produit\/huile-fantastique-naturelle\/","title":{"rendered":"Fantastisches \u00d6l"},"content":{"rendered":"","protected":false},"excerpt":{"rendered":"<p>Das fantastische \u00d6l wird auf Gesicht, K\u00f6rper und Haare aufgetragen. Diese Behandlung ist eine perfekte Synergie von \u00d6len, die die Haut erweichen, ihr Feuchtigkeit spenden und ein leicht perlmuttartiges Finish hinterlassen.<\/p>\n","protected":false},"featured_media":135339,"comment_status":"open","ping_status":"closed","template":"","meta":{"_acf_changed":false},"product_brand":[],"product_cat":[596,572,570,446,444,548,563,565,557,555,577,586,610],"product_tag":[],"class_list":{"0":"post-143623","1":"product","2":"type-product","3":"status-publish","4":"has-post-thumbnail","6":"product_cat-dehydrierung-de","7":"product_cat-duerre","8":"product_cat-fahle-haut","9":"product_cat-teint-terne-visage-de","10":"product_cat-gesicht","11":"product_cat-haare","12":"product_cat-haarpflege","13":"product_cat-koerper","14":"product_cat-mein-sehr-trockenes-haar-naehren","15":"product_cat-mein-trockenes-haar-mit-feuchtigkeit-versorgen","16":"product_cat-oeliger-komplex","17":"product_cat-oelkomplexe","18":"product_cat-seren","20":"first","21":"instock","22":"taxable","23":"shipping-taxable","24":"purchasable","25":"product-type-simple"},"acf":[],"_links":{"self":[{"href":"https:\/\/haut-segala.com\/de\/wp-json\/wp\/v2\/product\/143623","targetHints":{"allow":["GET"]}}],"collection":[{"href":"https:\/\/haut-segala.com\/de\/wp-json\/wp\/v2\/product"}],"about":[{"href":"https:\/\/haut-segala.com\/de\/wp-json\/wp\/v2\/types\/product"}],"replies":[{"embeddable":true,"href":"https:\/\/haut-segala.com\/de\/wp-json\/wp\/v2\/comments?post=143623"}],"wp:featuredmedia":[{"embeddable":true,"href":"https:\/\/haut-segala.com\/de\/wp-json\/wp\/v2\/media\/135339"}],"wp:attachment":[{"href":"https:\/\/haut-segala.com\/de\/wp-json\/wp\/v2\/media?parent=143623"}],"wp:term":[{"taxonomy":"product_brand","embeddable":true,"href":"https:\/\/haut-segala.com\/de\/wp-json\/wp\/v2\/product_brand?post=143623"},{"taxonomy":"product_cat","embeddable":true,"href":"https:\/\/haut-segala.com\/de\/wp-json\/wp\/v2\/product_cat?post=143623"},{"taxonomy":"product_tag","embeddable":true,"href":"https:\/\/haut-segala.com\/de\/wp-json\/wp\/v2\/product_tag?post=143623"}],"curies":[{"name":"wp","href":"https:\/\/api.w.org\/{rel}","templated":true}]}}