{"id":143633,"date":"2022-06-27T15:56:05","date_gmt":"2022-06-27T13:56:05","guid":{"rendered":"https:\/\/haut-segala.com\/produit\/huile-cbd-spectre-large-12-1680mg-naturelle\/"},"modified":"2026-04-08T01:20:27","modified_gmt":"2026-04-07T23:20:27","slug":"huile-cbd-spectre-large-12-1680mg-naturelle","status":"publish","type":"product","link":"https:\/\/haut-segala.com\/de\/produit\/huile-cbd-spectre-large-12-1680mg-naturelle\/","title":{"rendered":"NAT\u00dcRLICHES 12% (1680MG) BREITES SPEKTRUM-CBD-\u00d6L"},"content":{"rendered":"","protected":false},"excerpt":{"rendered":"<p>Dieses CBD-\u00d6l, das reich an Cannabidiol (CBD) und Terpenen ist, sorgt f\u00fcr ein Gef\u00fchl des Wohlbefindens, lindert und wirkt gegen Stress. Einfach, sicher und garantiert liefert es den begehrten Surround-Effekt und profitiert von der h\u00f6chsten Qualit\u00e4tskontrolle.<\/p>\n","protected":false},"featured_media":155037,"comment_status":"open","ping_status":"closed","template":"","meta":{"_acf_changed":false},"product_brand":[],"product_cat":[689,590,771,593],"product_tag":[],"class_list":{"0":"post-143633","1":"product","2":"type-product","3":"status-publish","4":"has-post-thumbnail","6":"product_cat-besser-sein","7":"product_cat-cbd-oele","8":"product_cat-nahrungsergaenzungsmittel","9":"product_cat-reduzierte-preise","11":"first","12":"instock","13":"sale","14":"taxable","15":"shipping-taxable","16":"purchasable","17":"product-type-simple"},"acf":[],"_links":{"self":[{"href":"https:\/\/haut-segala.com\/de\/wp-json\/wp\/v2\/product\/143633","targetHints":{"allow":["GET"]}}],"collection":[{"href":"https:\/\/haut-segala.com\/de\/wp-json\/wp\/v2\/product"}],"about":[{"href":"https:\/\/haut-segala.com\/de\/wp-json\/wp\/v2\/types\/product"}],"replies":[{"embeddable":true,"href":"https:\/\/haut-segala.com\/de\/wp-json\/wp\/v2\/comments?post=143633"}],"wp:featuredmedia":[{"embeddable":true,"href":"https:\/\/haut-segala.com\/de\/wp-json\/wp\/v2\/media\/155037"}],"wp:attachment":[{"href":"https:\/\/haut-segala.com\/de\/wp-json\/wp\/v2\/media?parent=143633"}],"wp:term":[{"taxonomy":"product_brand","embeddable":true,"href":"https:\/\/haut-segala.com\/de\/wp-json\/wp\/v2\/product_brand?post=143633"},{"taxonomy":"product_cat","embeddable":true,"href":"https:\/\/haut-segala.com\/de\/wp-json\/wp\/v2\/product_cat?post=143633"},{"taxonomy":"product_tag","embeddable":true,"href":"https:\/\/haut-segala.com\/de\/wp-json\/wp\/v2\/product_tag?post=143633"}],"curies":[{"name":"wp","href":"https:\/\/api.w.org\/{rel}","templated":true}]}}