{"id":145585,"date":"2023-04-03T00:01:03","date_gmt":"2023-04-02T22:01:03","guid":{"rendered":"https:\/\/haut-segala.com\/produit\/huile-anti-age-certifiee-bio\/"},"modified":"2026-04-16T21:32:04","modified_gmt":"2026-04-16T19:32:04","slug":"huile-anti-age-certifiee-bio","status":"publish","type":"product","link":"https:\/\/haut-segala.com\/de\/produit\/huile-anti-age-certifiee-bio\/","title":{"rendered":"BIO-zertifiziertes Anti-Aging-\u00d6l"},"content":{"rendered":"","protected":false},"excerpt":{"rendered":"<p>Das Anti-Aging-\u00d6l besteht zu 100 % aus Inhaltsstoffen nat\u00fcrlichen Ursprungs. Es wurde mit einem Komplex aus 11 wertvollen \u00d6len formuliert, um reife und\/oder trockene Haut zu gl\u00e4tten, aufzupolstern und ihr neue Ausstrahlung und Geschmeidigkeit zu verleihen. Die \u00f6lige Textur zieht schnell ein und fettet nicht.<\/p>\n","protected":false},"featured_media":137420,"comment_status":"open","ping_status":"closed","template":"","meta":{"_acf_changed":false},"product_brand":[],"product_cat":[447,444,569,598,586,610],"product_tag":[],"class_list":{"0":"post-145585","1":"product","2":"type-product","3":"status-publish","4":"has-post-thumbnail","6":"product_cat-erste-falten-und-etablierte-falten","7":"product_cat-gesicht","8":"product_cat-mangel-an-standhaftigkeit","9":"product_cat-mangel-an-standhaftigkeit-de","10":"product_cat-oelkomplexe","11":"product_cat-seren","13":"first","14":"outofstock","15":"taxable","16":"shipping-taxable","17":"purchasable","18":"product-type-simple"},"acf":[],"_links":{"self":[{"href":"https:\/\/haut-segala.com\/de\/wp-json\/wp\/v2\/product\/145585","targetHints":{"allow":["GET"]}}],"collection":[{"href":"https:\/\/haut-segala.com\/de\/wp-json\/wp\/v2\/product"}],"about":[{"href":"https:\/\/haut-segala.com\/de\/wp-json\/wp\/v2\/types\/product"}],"replies":[{"embeddable":true,"href":"https:\/\/haut-segala.com\/de\/wp-json\/wp\/v2\/comments?post=145585"}],"wp:featuredmedia":[{"embeddable":true,"href":"https:\/\/haut-segala.com\/de\/wp-json\/wp\/v2\/media\/137420"}],"wp:attachment":[{"href":"https:\/\/haut-segala.com\/de\/wp-json\/wp\/v2\/media?parent=145585"}],"wp:term":[{"taxonomy":"product_brand","embeddable":true,"href":"https:\/\/haut-segala.com\/de\/wp-json\/wp\/v2\/product_brand?post=145585"},{"taxonomy":"product_cat","embeddable":true,"href":"https:\/\/haut-segala.com\/de\/wp-json\/wp\/v2\/product_cat?post=145585"},{"taxonomy":"product_tag","embeddable":true,"href":"https:\/\/haut-segala.com\/de\/wp-json\/wp\/v2\/product_tag?post=145585"}],"curies":[{"name":"wp","href":"https:\/\/api.w.org\/{rel}","templated":true}]}}