{"id":145588,"date":"2023-04-03T00:01:10","date_gmt":"2023-04-02T22:01:10","guid":{"rendered":"https:\/\/haut-segala.com\/produit\/eau-florale-de-genevrier-certifiee-bio\/"},"modified":"2026-02-04T00:19:37","modified_gmt":"2026-02-03T23:19:37","slug":"eau-florale-de-genevrier-certifiee-bio","status":"publish","type":"product","link":"https:\/\/haut-segala.com\/de\/produit\/eau-florale-de-genevrier-certifiee-bio\/","title":{"rendered":"Wacholderbl\u00fctenwasser aus zertifiziertem Bio-Anbau."},"content":{"rendered":"","protected":false},"excerpt":{"rendered":"<p>Wacholderbl\u00fctenwasser ist eine ideale Pflege zur Bek\u00e4mpfung von Cellulite und um schweren Beinen wieder Leichtigkeit zu verleihen. Es kl\u00e4rt auch fettige Haut und fettige Kopfhaut.<\/p>\n","protected":false},"featured_media":138359,"comment_status":"open","ping_status":"closed","template":"","meta":{"_acf_changed":false},"product_brand":[],"product_cat":[589,579,607,602,444,548,563,597,565,558,593,553,567],"product_tag":[],"class_list":{"0":"post-145588","1":"product","2":"type-product","3":"status-publish","4":"has-post-thumbnail","6":"product_cat-blumenwasser-de","7":"product_cat-blumenwasser","8":"product_cat-blumenwasser-de-2","9":"product_cat-gemischt","10":"product_cat-gesicht","11":"product_cat-haare","12":"product_cat-haarpflege","13":"product_cat-imperfektionen","14":"product_cat-koerper","15":"product_cat-meine-fettige-kopfhaut-reinigen","16":"product_cat-reduzierte-preise","17":"product_cat-schuppen-entfernen","18":"product_cat-zellulis","20":"first","21":"instock","22":"sale","23":"taxable","24":"shipping-taxable","25":"purchasable","26":"product-type-simple"},"acf":[],"_links":{"self":[{"href":"https:\/\/haut-segala.com\/de\/wp-json\/wp\/v2\/product\/145588","targetHints":{"allow":["GET"]}}],"collection":[{"href":"https:\/\/haut-segala.com\/de\/wp-json\/wp\/v2\/product"}],"about":[{"href":"https:\/\/haut-segala.com\/de\/wp-json\/wp\/v2\/types\/product"}],"replies":[{"embeddable":true,"href":"https:\/\/haut-segala.com\/de\/wp-json\/wp\/v2\/comments?post=145588"}],"wp:featuredmedia":[{"embeddable":true,"href":"https:\/\/haut-segala.com\/de\/wp-json\/wp\/v2\/media\/138359"}],"wp:attachment":[{"href":"https:\/\/haut-segala.com\/de\/wp-json\/wp\/v2\/media?parent=145588"}],"wp:term":[{"taxonomy":"product_brand","embeddable":true,"href":"https:\/\/haut-segala.com\/de\/wp-json\/wp\/v2\/product_brand?post=145588"},{"taxonomy":"product_cat","embeddable":true,"href":"https:\/\/haut-segala.com\/de\/wp-json\/wp\/v2\/product_cat?post=145588"},{"taxonomy":"product_tag","embeddable":true,"href":"https:\/\/haut-segala.com\/de\/wp-json\/wp\/v2\/product_tag?post=145588"}],"curies":[{"name":"wp","href":"https:\/\/api.w.org\/{rel}","templated":true}]}}